{"id":1831,"date":"2013-02-19T15:41:43","date_gmt":"2013-02-19T13:41:43","guid":{"rendered":"http:\/\/viometaloumin.gr\/?page_id=1831"},"modified":"2024-07-06T16:56:47","modified_gmt":"2024-07-06T13:56:47","slug":"seguridad-plegable-con-hojas-doble-de-acero","status":"publish","type":"page","link":"https:\/\/viometaloumin.com\/es\/productos-de-viometaloumin\/ballestas-plegables-de-tijera\/seguridad-plegable-con-hojas-doble-de-acero\/","title":{"rendered":"Seguridad plegable con hojas doble de acero TIPO-90"},"content":{"rendered":"<div id=\"metaslider-id-4255\" style=\"max-width: 942px;\" class=\"ml-slider-3-108-0 metaslider metaslider-responsive metaslider-4255 ml-slider has-dots-nav ms-theme-default\" role=\"region\" aria-label=\"T-90\" data-height=\"525\" data-width=\"942\">\n<div id=\"metaslider_container_4255\">\n<ul id='metaslider_4255' class='rslides'>\n<li aria-roledescription='slide' aria-labelledby='slide-0'><img loading=\"lazy\" decoding=\"async\" src=\"https:\/\/viometaloumin.com\/es\/wp-content\/uploads\/2017\/11\/slide_t90_1111-936x522.jpg\" height=\"525\" width=\"942\" alt=\"\" class=\"slider-4255 slide-4257 msDefaultImage\" \/><\/li>\n<li style='display: none;' aria-roledescription='slide' aria-labelledby='slide-1'><img loading=\"lazy\" decoding=\"async\" src=\"https:\/\/viometaloumin.com\/es\/wp-content\/uploads\/2017\/11\/slide_t90_2222-936x522.jpg\" height=\"525\" width=\"942\" alt=\"\" class=\"slider-4255 slide-4259 msDefaultImage\" \/><\/li>\n<li style='display: none;' aria-roledescription='slide' aria-labelledby='slide-2'><img loading=\"lazy\" decoding=\"async\" src=\"https:\/\/viometaloumin.com\/es\/wp-content\/uploads\/2017\/11\/slide_t90_3333-936x522.jpg\" height=\"525\" width=\"942\" alt=\"\" class=\"slider-4255 slide-4261 msDefaultImage\" \/><\/li>\n<li style='display: none;' aria-roledescription='slide' aria-labelledby='slide-3'><img loading=\"lazy\" decoding=\"async\" src=\"https:\/\/viometaloumin.com\/es\/wp-content\/uploads\/2017\/11\/slide_t90_4-936x522.jpg\" height=\"525\" width=\"942\" alt=\"\" class=\"slider-4255 slide-4263 msDefaultImage\" \/><\/li>\n<\/ul><\/div>\n<\/div>\n<h2>Seguridad plegable con hojas doble de acero TIPO-90<\/h2>\n<div class=\"one_half\">\n<div class=\"title\">\n<h2>Informaci\u00f3n del product<\/h2>\n<\/div>\n<h5 class=\"toggle \"><a href=\"#\"><span class=\"arrow\"><\/span>Descripci\u00f3n<\/a><\/h5>\n<div class=\"toggle-content \" style=\"\">\nSeguridad absoluta &#8211; la est\u00e9tica impecable. La soluci\u00f3n cl\u00e1sica y atemporal de una puerta de seguridad retr\u00e1ctil fabricado integramente en acero galvanizado y recubierto s\u00f3lida, proporcionando seguridad a las instalaciones residenciales y de negocios. Es la opci\u00f3n econ\u00f3mica absoluta de marco plegable con un ancho m\u00ednimo de 40 mm montaje perimetral, conductor desprendible y 180 \u00ba de giro.<\/div>\n<h5 class=\"toggle \"><a href=\"#\"><span class=\"arrow\"><\/span>Caracter\u00edsticas T\u00e9cnicas<\/a><\/h5>\n<div class=\"toggle-content \" style=\"\">\n1.Hojas de acero galvanizado Doble 20x4mm<br \/>\n2.Hojas de acero galvanizado Doble<br \/>\n3.Bajo Conductor galvanizado40x30x40mm<br \/>\n4.Tijeras galvanizado y montantes<br \/>\n5.Bisagras de tipo cerrado para rotaci\u00f3n de 180 \u00b0<br \/>\n6.Rodamientos de acero fijan 30mm<br \/>\n7.Conductor galvanizado Alto 55x30x55mm<br \/>\n8.Las conexiones de remache se galvanizan<br \/>\n9.Revestimiento de horno en tonos RAL<\/div>\n<h5 class=\"toggle \"><a href=\"#\"><span class=\"arrow\"><\/span>Instrucciones de funcionamiento<\/a><\/h5>\n<div class=\"toggle-content \" style=\"\">Cierre:<br \/>\n1. Llevar el &#8220;cuerpo&#8221; de montantes plegables colocadas a fin de obtener el canal en el controlador.<br \/>\n2. Suelte los montantes de soporte de enganche y tire la primera mensaje para abrir el plegado y luego coloque la palma detr\u00e1s del cojinete puntal en la cerradura de seguridad.<br \/>\n3. Empuje la puerta sin problemas a las cerraduras de punto, para garantizar que se est\u00e1 moviendo de manera uniforme a lo largo de los conductores de rodadura.<br \/>\n4. Presione perno para fijar los pasadores incorporados dentro del puntal.<br \/>\n5. Siguiendo con su palma de la mano la parte de atr\u00e1s de la posici\u00f3n vertical como la resistencia, cerradura con llave cargado en la cerradura.<\/p>\n<p>Desbloqueo:<br \/>\n1. Desbloquear con la llave mediante la colocaci\u00f3n en el agujero en el puntal teniendo la cerradura de modo que las muescas situadas en la base de la clave se convierten a un lado que encierra el producto.<br \/>\n2. Tire del sistema mediante la colocaci\u00f3n de su palma sobre el punto en el interior del poste que lleva la cerradura y empujar el pliegue en la direcci\u00f3n de las bisagras.<br \/>\n3. Fije los soportes con bloqueo especial.<br \/>\n4. Levante el controlador de desplazamiento y bloquearlo en el &#8220;cuerpo&#8221; de los montantes.<br \/>\n5. Doble la seguridad hacia la pared.\n<\/p><\/div>\n<h5 class=\"toggle \"><a href=\"#\"><span class=\"arrow\"><\/span>Pautas de mantenimiento<\/a><\/h5>\n<div class=\"toggle-content \" style=\"\">Productos VIOMETALOUMIN plegables necesitan ser limpiados regularmente y sus partes m\u00f3viles deben ser lubricados con aceite en aerosol dos veces al a\u00f1o.<\/p>\n<p>Para limpiarlos, use:<\/p>\n<p>1. Cepillo con cerdas suaves que limpiar el polvo de la superficie.<br \/>\n2. Soluci\u00f3n de agua y jab\u00f3n suave, un pa\u00f1o con el que lavar todas las superficies a fondo para eliminar la suciedad, los contaminantes del aire y las part\u00edculas que se han adjuntado a las superficies met\u00e1licas. El proceso debe repetirse 2-3 veces al a\u00f1o.<br \/>\n3. Lubricar dos veces al a\u00f1o que las ruedas giren, bloqueo y todas las partes m\u00f3viles de la trama.<br \/>\n4. En las zonas costeras los sistemas requieren una limpieza frecuente y la lubricaci\u00f3n 5-6 veces al a\u00f1o.<\/p><\/div>\n<div class=\"title\">\n<h2>VIOMETALOUMIN Sistemas anal\u00edticamente.<\/h2>\n<\/div>\n<ul class=\"arrow\">\n<li><a href=\"http:\/\/viometaloumin.com\/es\/productos\/plegable-seguridad-con-acero-inoxidable-y-recubrimiento-de-aluminio\/\">Plegable acero inoxidable aluminio con recubrimiento TIPO-120 seguridad<\/a><\/li>\n<li><a href=\"http:\/\/viometaloumin.com\/es\/productos\/seguridad-plegable-de-acero-galvanizado-aluminio-recubierto\/\"> Seguridad plegable de acero galvanizado aluminio recubierto- \u03a4IPO 100<\/a><\/li>\n<li><a href=\"http:\/\/viometaloumin.com\/es\/productos\/seguridad-plegable-con-hojas-doble-de-acero\/\"> Seguridad plegable con hojas doble de acero TIPO-90<\/a><\/li>\n<li><a href=\"http:\/\/viometaloumin.com\/es\/productos-de-viometaloumin\/barras-de-seguridad\/barras-de-seguridad-removibles-fijo-con-certificado-de-antirrobo-tipo-82\/\">Barras de seguridad removibles fijas con certificado de antirrobo TIPO-82 <\/a><\/li>\n<li><a href=\"http:\/\/viometaloumin.com\/es\/productos\/barras-de-seguridad-removibles\/\">Barras de seguridad removibles TIPO-80 <\/a><\/li>\n<li><a href=\"http:\/\/viometaloumin.com\/es\/productos-de-viometaloumin\/barras-de-seguridad\/barras-de-seguridad-fijo-con-certificado-de-antirrobo-tipo-72\/\">Barras de seguridad fijas con certificado de antirrobo _TIPO-72 <\/a><\/li>\n<li><a href=\"http:\/\/viometaloumin.com\/es\/productos\/barras-de-seguridad-fijo\/\">Barras de seguridad fijas_TIPO-70 <\/a><\/li>\n<li><a href=\"http:\/\/viometaloumin.com\/es\/productos\/barras-de-seguridad-para-la-entrada-principal\/\">Barras de seguridad para la entrada principal TIPO-60<\/a><\/li>\n<li><a href=\"http:\/\/viometaloumin.com\/es\/productos\/persianas-de-seguridad\/\">Persianas de seguridad TIPO-110<\/a><\/li>\n<\/ul>\n<div class=\"title\">\n<h2>Certificaciones<\/h2>\n<\/div>\n<p><a href=\"https:\/\/viometaloumin.com\/es\/wp-content\/uploads\/2020\/11\/Viometaloumin-Certificate-ISO-9001-2015.pdf\"><img loading=\"lazy\" decoding=\"async\" class=\"alignleft size-full wp-image-3948\" src=\"https:\/\/viometaloumin.com\/es\/wp-content\/uploads\/2020\/11\/TUV_9001_2015_150.jpg\" alt=\"Viometaloumin Certifications\" width=\"150\" height=\"131\" \/><\/a><\/p>\n<p><a href=\"https:\/\/viometaloumin.com\/es\/certificados-de-viometaloumin\"><img loading=\"lazy\" decoding=\"async\" class=\"alignleft size-full wp-image-3977\" src=\"https:\/\/viometaloumin.com\/es\/wp-content\/uploads\/2020\/11\/Giordano.jpg\" alt=\"Viometaloumin Certifications\" width=\"270\" height=\"64\" \/><\/a><\/p>\n<p><a href=\"https:\/\/viometaloumin.com\/es\/certificados-de-viometaloumin\/\"><img loading=\"lazy\" decoding=\"async\" class=\"alignleft size-full wp-image-3977\" src=\"https:\/\/viometaloumin.com\/es\/wp-content\/uploads\/2020\/11\/OBI.jpg\" alt=\"Viometaloumin Certifications\" width=\"270\" height=\"64\" \/><\/a><\/p>\n<div class=\"title\">\n<h2>Sistemas de seguridad Viometaloumin<\/h2>\n<\/div>\n<p><a href=\"http:\/\/viometaloumin.gr\/wp-content\/uploads\/2016\/05\/13226692_1023842417652871_5278476155563571605_n.jpg\"><img loading=\"lazy\" decoding=\"async\" class=\"alignleft size-full wp-image-4015\" src=\"http:\/\/viometaloumin.gr\/wp-content\/uploads\/2016\/05\/13226692_1023842417652871_5278476155563571605_n.jpg\" alt=\"13226692_1023842417652871_5278476155563571605_n\" width=\"110\" height=\"110\" \/><\/a><strong> Desde 1963 Viometaloumin se especializa en la fabricaci\u00f3n de sistemas de seguridad de calidad superior para cada espacio.<\/strong><\/p>\n<\/div>\n<div class=\"one_half last\">\n<div class=\"title\">\n<h2>\u00bfPor qu\u00e9 elegir VIOMETALOUMIN?<\/h2>\n<\/div>\n<ul class=\"arrow\">\n<li>Debido a que nuestros sistemas son \u00fanicos y patentados.<\/li>\n<li>Porque ofrecemos 3 a\u00f1os de garant\u00eda.<\/li>\n<li>Porque ofrecemos el valor m\u00e1s alto al m\u00e1s bajo costo.<\/li>\n<li>Dado que las instalaciones de nuestros sistemas se realizan por t\u00e9cnicos experimentados.<\/li>\n<li>Porque ofrecemos constante Despu\u00e9s de Soporte T\u00e9cnico de Ventas y Servicio al Cliente.<\/li>\n<\/ul>\n<div class=\"title\">\n<h2 style=\"text-align: justify;\"><a href=\"#\"><\/a><\/h2>\n<\/div>\n<\/div>\n<div class=\"clearboth\"><\/div>\n","protected":false},"excerpt":{"rendered":"<p>Seguridad plegable con hojas doble de acero TIPO-90<\/p>\n","protected":false},"author":1,"featured_media":0,"parent":2659,"menu_order":0,"comment_status":"closed","ping_status":"closed","template":"full-width.php","meta":{"footnotes":""},"class_list":["post-1831","page","type-page","status-publish","hentry"],"yoast_head":"<!-- This site is optimized with the Yoast SEO plugin v27.4 - https:\/\/yoast.com\/product\/yoast-seo-wordpress\/ -->\n<title>Seguridad plegable con hojas doble de acero TIPO-90 - VIOMETALOUMIN | puertas plegables de seguridad<\/title>\n<meta name=\"description\" content=\"Seguridad plegable con hojas doble de acero TIPO-90\" \/>\n<meta name=\"robots\" content=\"index, follow, max-snippet:-1, max-image-preview:large, max-video-preview:-1\" \/>\n<link rel=\"canonical\" href=\"https:\/\/viometaloumin.com\/es\/productos-de-viometaloumin\/ballestas-plegables-de-tijera\/seguridad-plegable-con-hojas-doble-de-acero\/\" \/>\n<meta property=\"og:locale\" content=\"en_US\" \/>\n<meta property=\"og:type\" content=\"article\" \/>\n<meta property=\"og:title\" content=\"Seguridad plegable con hojas doble de acero TIPO-90 - VIOMETALOUMIN | puertas plegables de seguridad\" \/>\n<meta property=\"og:description\" content=\"Seguridad plegable con hojas doble de acero TIPO-90\" \/>\n<meta property=\"og:url\" content=\"https:\/\/viometaloumin.com\/es\/productos-de-viometaloumin\/ballestas-plegables-de-tijera\/seguridad-plegable-con-hojas-doble-de-acero\/\" \/>\n<meta property=\"og:site_name\" content=\"VIOMETALOUMIN | puertas plegables de seguridad\" \/>\n<meta property=\"article:publisher\" content=\"https:\/\/www.facebook.com\/Viometaloumin\" \/>\n<meta property=\"article:modified_time\" content=\"2024-07-06T13:56:47+00:00\" \/>\n<meta property=\"og:image\" content=\"https:\/\/viometaloumin.com\/es\/wp-content\/uploads\/2020\/11\/TUV_9001_2015_150.jpg\" \/>\n<meta name=\"twitter:card\" content=\"summary_large_image\" \/>\n<meta name=\"twitter:site\" content=\"@viometaloumin\" \/>\n<meta name=\"twitter:label1\" content=\"Est. reading time\" \/>\n\t<meta name=\"twitter:data1\" content=\"4 minutes\" \/>\n<script type=\"application\/ld+json\" class=\"yoast-schema-graph\">{\"@context\":\"https:\\\/\\\/schema.org\",\"@graph\":[{\"@type\":\"WebPage\",\"@id\":\"https:\\\/\\\/viometaloumin.com\\\/es\\\/productos-de-viometaloumin\\\/ballestas-plegables-de-tijera\\\/seguridad-plegable-con-hojas-doble-de-acero\\\/\",\"url\":\"https:\\\/\\\/viometaloumin.com\\\/es\\\/productos-de-viometaloumin\\\/ballestas-plegables-de-tijera\\\/seguridad-plegable-con-hojas-doble-de-acero\\\/\",\"name\":\"Seguridad plegable con hojas doble de acero TIPO-90 - VIOMETALOUMIN | puertas plegables de seguridad\",\"isPartOf\":{\"@id\":\"https:\\\/\\\/viometaloumin.com\\\/es\\\/#website\"},\"primaryImageOfPage\":{\"@id\":\"https:\\\/\\\/viometaloumin.com\\\/es\\\/productos-de-viometaloumin\\\/ballestas-plegables-de-tijera\\\/seguridad-plegable-con-hojas-doble-de-acero\\\/#primaryimage\"},\"image\":{\"@id\":\"https:\\\/\\\/viometaloumin.com\\\/es\\\/productos-de-viometaloumin\\\/ballestas-plegables-de-tijera\\\/seguridad-plegable-con-hojas-doble-de-acero\\\/#primaryimage\"},\"thumbnailUrl\":\"https:\\\/\\\/viometaloumin.com\\\/es\\\/wp-content\\\/uploads\\\/2020\\\/11\\\/TUV_9001_2015_150.jpg\",\"datePublished\":\"2013-02-19T13:41:43+00:00\",\"dateModified\":\"2024-07-06T13:56:47+00:00\",\"description\":\"Seguridad plegable con hojas doble de acero TIPO-90\",\"breadcrumb\":{\"@id\":\"https:\\\/\\\/viometaloumin.com\\\/es\\\/productos-de-viometaloumin\\\/ballestas-plegables-de-tijera\\\/seguridad-plegable-con-hojas-doble-de-acero\\\/#breadcrumb\"},\"inLanguage\":\"en-US\",\"potentialAction\":[{\"@type\":\"ReadAction\",\"target\":[\"https:\\\/\\\/viometaloumin.com\\\/es\\\/productos-de-viometaloumin\\\/ballestas-plegables-de-tijera\\\/seguridad-plegable-con-hojas-doble-de-acero\\\/\"]}]},{\"@type\":\"ImageObject\",\"inLanguage\":\"en-US\",\"@id\":\"https:\\\/\\\/viometaloumin.com\\\/es\\\/productos-de-viometaloumin\\\/ballestas-plegables-de-tijera\\\/seguridad-plegable-con-hojas-doble-de-acero\\\/#primaryimage\",\"url\":\"https:\\\/\\\/viometaloumin.com\\\/es\\\/wp-content\\\/uploads\\\/2020\\\/11\\\/TUV_9001_2015_150.jpg\",\"contentUrl\":\"https:\\\/\\\/viometaloumin.com\\\/es\\\/wp-content\\\/uploads\\\/2020\\\/11\\\/TUV_9001_2015_150.jpg\",\"width\":150,\"height\":131},{\"@type\":\"BreadcrumbList\",\"@id\":\"https:\\\/\\\/viometaloumin.com\\\/es\\\/productos-de-viometaloumin\\\/ballestas-plegables-de-tijera\\\/seguridad-plegable-con-hojas-doble-de-acero\\\/#breadcrumb\",\"itemListElement\":[{\"@type\":\"ListItem\",\"position\":1,\"name\":\"Home\",\"item\":\"https:\\\/\\\/viometaloumin.com\\\/es\\\/\"},{\"@type\":\"ListItem\",\"position\":2,\"name\":\"Productos de Viometaloumin\",\"item\":\"https:\\\/\\\/viometaloumin.com\\\/es\\\/productos-de-viometaloumin\\\/\"},{\"@type\":\"ListItem\",\"position\":3,\"name\":\"Ballestas plegables de tijera\",\"item\":\"https:\\\/\\\/viometaloumin.com\\\/es\\\/productos-de-viometaloumin\\\/ballestas-plegables-de-tijera\\\/\"},{\"@type\":\"ListItem\",\"position\":4,\"name\":\"Seguridad plegable con hojas doble de acero TIPO-90\"}]},{\"@type\":\"WebSite\",\"@id\":\"https:\\\/\\\/viometaloumin.com\\\/es\\\/#website\",\"url\":\"https:\\\/\\\/viometaloumin.com\\\/es\\\/\",\"name\":\"VIOMETALOUMIN | puertas plegables de seguridad\",\"description\":\"bares seguridad, ballestas plegables de tijera, barras de seguridad, persianas de seguridad, puertas de seguridad y bares para todos los espacios, puertas de seguridad retr\u00e1ctiles\",\"publisher\":{\"@id\":\"https:\\\/\\\/viometaloumin.com\\\/es\\\/#organization\"},\"potentialAction\":[{\"@type\":\"SearchAction\",\"target\":{\"@type\":\"EntryPoint\",\"urlTemplate\":\"https:\\\/\\\/viometaloumin.com\\\/es\\\/?s={search_term_string}\"},\"query-input\":{\"@type\":\"PropertyValueSpecification\",\"valueRequired\":true,\"valueName\":\"search_term_string\"}}],\"inLanguage\":\"en-US\"},{\"@type\":\"Organization\",\"@id\":\"https:\\\/\\\/viometaloumin.com\\\/es\\\/#organization\",\"name\":\"Viometaloumin\",\"url\":\"https:\\\/\\\/viometaloumin.com\\\/es\\\/\",\"logo\":{\"@type\":\"ImageObject\",\"inLanguage\":\"en-US\",\"@id\":\"https:\\\/\\\/viometaloumin.com\\\/es\\\/#\\\/schema\\\/logo\\\/image\\\/\",\"url\":\"https:\\\/\\\/viometaloumin.com\\\/es\\\/wp-content\\\/uploads\\\/2012\\\/11\\\/LOGO_ES.jpg\",\"contentUrl\":\"https:\\\/\\\/viometaloumin.com\\\/es\\\/wp-content\\\/uploads\\\/2012\\\/11\\\/LOGO_ES.jpg\",\"width\":480,\"height\":90,\"caption\":\"Viometaloumin\"},\"image\":{\"@id\":\"https:\\\/\\\/viometaloumin.com\\\/es\\\/#\\\/schema\\\/logo\\\/image\\\/\"},\"sameAs\":[\"https:\\\/\\\/www.facebook.com\\\/Viometaloumin\",\"https:\\\/\\\/x.com\\\/viometaloumin\",\"https:\\\/\\\/www.linkedin.com\\\/company\\\/1754251\",\"https:\\\/\\\/www.youtube.com\\\/user\\\/viometaloumin\"]}]}<\/script>\n<!-- \/ Yoast SEO plugin. -->","yoast_head_json":{"title":"Seguridad plegable con hojas doble de acero TIPO-90 - VIOMETALOUMIN | puertas plegables de seguridad","description":"Seguridad plegable con hojas doble de acero TIPO-90","robots":{"index":"index","follow":"follow","max-snippet":"max-snippet:-1","max-image-preview":"max-image-preview:large","max-video-preview":"max-video-preview:-1"},"canonical":"https:\/\/viometaloumin.com\/es\/productos-de-viometaloumin\/ballestas-plegables-de-tijera\/seguridad-plegable-con-hojas-doble-de-acero\/","og_locale":"en_US","og_type":"article","og_title":"Seguridad plegable con hojas doble de acero TIPO-90 - VIOMETALOUMIN | puertas plegables de seguridad","og_description":"Seguridad plegable con hojas doble de acero TIPO-90","og_url":"https:\/\/viometaloumin.com\/es\/productos-de-viometaloumin\/ballestas-plegables-de-tijera\/seguridad-plegable-con-hojas-doble-de-acero\/","og_site_name":"VIOMETALOUMIN | puertas plegables de seguridad","article_publisher":"https:\/\/www.facebook.com\/Viometaloumin","article_modified_time":"2024-07-06T13:56:47+00:00","og_image":[{"url":"https:\/\/viometaloumin.com\/es\/wp-content\/uploads\/2020\/11\/TUV_9001_2015_150.jpg","type":"","width":"","height":""}],"twitter_card":"summary_large_image","twitter_site":"@viometaloumin","twitter_misc":{"Est. reading time":"4 minutes"},"schema":{"@context":"https:\/\/schema.org","@graph":[{"@type":"WebPage","@id":"https:\/\/viometaloumin.com\/es\/productos-de-viometaloumin\/ballestas-plegables-de-tijera\/seguridad-plegable-con-hojas-doble-de-acero\/","url":"https:\/\/viometaloumin.com\/es\/productos-de-viometaloumin\/ballestas-plegables-de-tijera\/seguridad-plegable-con-hojas-doble-de-acero\/","name":"Seguridad plegable con hojas doble de acero TIPO-90 - VIOMETALOUMIN | puertas plegables de seguridad","isPartOf":{"@id":"https:\/\/viometaloumin.com\/es\/#website"},"primaryImageOfPage":{"@id":"https:\/\/viometaloumin.com\/es\/productos-de-viometaloumin\/ballestas-plegables-de-tijera\/seguridad-plegable-con-hojas-doble-de-acero\/#primaryimage"},"image":{"@id":"https:\/\/viometaloumin.com\/es\/productos-de-viometaloumin\/ballestas-plegables-de-tijera\/seguridad-plegable-con-hojas-doble-de-acero\/#primaryimage"},"thumbnailUrl":"https:\/\/viometaloumin.com\/es\/wp-content\/uploads\/2020\/11\/TUV_9001_2015_150.jpg","datePublished":"2013-02-19T13:41:43+00:00","dateModified":"2024-07-06T13:56:47+00:00","description":"Seguridad plegable con hojas doble de acero TIPO-90","breadcrumb":{"@id":"https:\/\/viometaloumin.com\/es\/productos-de-viometaloumin\/ballestas-plegables-de-tijera\/seguridad-plegable-con-hojas-doble-de-acero\/#breadcrumb"},"inLanguage":"en-US","potentialAction":[{"@type":"ReadAction","target":["https:\/\/viometaloumin.com\/es\/productos-de-viometaloumin\/ballestas-plegables-de-tijera\/seguridad-plegable-con-hojas-doble-de-acero\/"]}]},{"@type":"ImageObject","inLanguage":"en-US","@id":"https:\/\/viometaloumin.com\/es\/productos-de-viometaloumin\/ballestas-plegables-de-tijera\/seguridad-plegable-con-hojas-doble-de-acero\/#primaryimage","url":"https:\/\/viometaloumin.com\/es\/wp-content\/uploads\/2020\/11\/TUV_9001_2015_150.jpg","contentUrl":"https:\/\/viometaloumin.com\/es\/wp-content\/uploads\/2020\/11\/TUV_9001_2015_150.jpg","width":150,"height":131},{"@type":"BreadcrumbList","@id":"https:\/\/viometaloumin.com\/es\/productos-de-viometaloumin\/ballestas-plegables-de-tijera\/seguridad-plegable-con-hojas-doble-de-acero\/#breadcrumb","itemListElement":[{"@type":"ListItem","position":1,"name":"Home","item":"https:\/\/viometaloumin.com\/es\/"},{"@type":"ListItem","position":2,"name":"Productos de Viometaloumin","item":"https:\/\/viometaloumin.com\/es\/productos-de-viometaloumin\/"},{"@type":"ListItem","position":3,"name":"Ballestas plegables de tijera","item":"https:\/\/viometaloumin.com\/es\/productos-de-viometaloumin\/ballestas-plegables-de-tijera\/"},{"@type":"ListItem","position":4,"name":"Seguridad plegable con hojas doble de acero TIPO-90"}]},{"@type":"WebSite","@id":"https:\/\/viometaloumin.com\/es\/#website","url":"https:\/\/viometaloumin.com\/es\/","name":"VIOMETALOUMIN | puertas plegables de seguridad","description":"bares seguridad, ballestas plegables de tijera, barras de seguridad, persianas de seguridad, puertas de seguridad y bares para todos los espacios, puertas de seguridad retr\u00e1ctiles","publisher":{"@id":"https:\/\/viometaloumin.com\/es\/#organization"},"potentialAction":[{"@type":"SearchAction","target":{"@type":"EntryPoint","urlTemplate":"https:\/\/viometaloumin.com\/es\/?s={search_term_string}"},"query-input":{"@type":"PropertyValueSpecification","valueRequired":true,"valueName":"search_term_string"}}],"inLanguage":"en-US"},{"@type":"Organization","@id":"https:\/\/viometaloumin.com\/es\/#organization","name":"Viometaloumin","url":"https:\/\/viometaloumin.com\/es\/","logo":{"@type":"ImageObject","inLanguage":"en-US","@id":"https:\/\/viometaloumin.com\/es\/#\/schema\/logo\/image\/","url":"https:\/\/viometaloumin.com\/es\/wp-content\/uploads\/2012\/11\/LOGO_ES.jpg","contentUrl":"https:\/\/viometaloumin.com\/es\/wp-content\/uploads\/2012\/11\/LOGO_ES.jpg","width":480,"height":90,"caption":"Viometaloumin"},"image":{"@id":"https:\/\/viometaloumin.com\/es\/#\/schema\/logo\/image\/"},"sameAs":["https:\/\/www.facebook.com\/Viometaloumin","https:\/\/x.com\/viometaloumin","https:\/\/www.linkedin.com\/company\/1754251","https:\/\/www.youtube.com\/user\/viometaloumin"]}]}},"_links":{"self":[{"href":"https:\/\/viometaloumin.com\/es\/wp-json\/wp\/v2\/pages\/1831","targetHints":{"allow":["GET"]}}],"collection":[{"href":"https:\/\/viometaloumin.com\/es\/wp-json\/wp\/v2\/pages"}],"about":[{"href":"https:\/\/viometaloumin.com\/es\/wp-json\/wp\/v2\/types\/page"}],"author":[{"embeddable":true,"href":"https:\/\/viometaloumin.com\/es\/wp-json\/wp\/v2\/users\/1"}],"replies":[{"embeddable":true,"href":"https:\/\/viometaloumin.com\/es\/wp-json\/wp\/v2\/comments?post=1831"}],"version-history":[{"count":51,"href":"https:\/\/viometaloumin.com\/es\/wp-json\/wp\/v2\/pages\/1831\/revisions"}],"predecessor-version":[{"id":5044,"href":"https:\/\/viometaloumin.com\/es\/wp-json\/wp\/v2\/pages\/1831\/revisions\/5044"}],"up":[{"embeddable":true,"href":"https:\/\/viometaloumin.com\/es\/wp-json\/wp\/v2\/pages\/2659"}],"wp:attachment":[{"href":"https:\/\/viometaloumin.com\/es\/wp-json\/wp\/v2\/media?parent=1831"}],"curies":[{"name":"wp","href":"https:\/\/api.w.org\/{rel}","templated":true}]}}