{"id":2888,"date":"2016-04-09T13:42:17","date_gmt":"2016-04-09T10:42:17","guid":{"rendered":"http:\/\/viometaloumin.com\/es\/?page_id=2888"},"modified":"2018-11-16T12:33:30","modified_gmt":"2018-11-16T10:33:30","slug":"quienes-somos-viometaloumin","status":"publish","type":"page","link":"https:\/\/viometaloumin.com\/es\/quienes-somos-viometaloumin\/","title":{"rendered":"Quienes somos Viometaloumin"},"content":{"rendered":"<p><a href=\"http:\/\/viometaloumin.com\/es\/wp-content\/uploads\/2016\/04\/IMG_0016-300x167.jpg\" rel=\"attachment wp-att-2884\"><img loading=\"lazy\" decoding=\"async\" class=\"alignleft size-full wp-image-2884\" src=\"http:\/\/viometaloumin.com\/es\/wp-content\/uploads\/2016\/04\/IMG_0016-300x167.jpg\" alt=\"IMG_0016-300x167\" width=\"300\" height=\"167\" \/><\/a>VIOMETALOUMIN fue fundada en 1963. Est\u00e1 especializada en la fabricaci\u00f3n de sistemas de seguridad plegables para una variedad de estructuras relacionadas con la construcci\u00f3n de edificios: oficinas, tiendas, edificios p\u00fablicos, apartamentos y casas unifamiliares. Al mismo tiempo, desde 1963 ha estudiado y desarrollado estructuras especiales para tratar casos dif\u00edciles e inusuales, que tuvieron que ver con la protecci\u00f3n y seguridad de los ciudadanos contra robos y allanamientos de morada.<\/p>\n<p>Con su experiencia t\u00e9cnica combinada con la modernizaci\u00f3n continua en maquinaria industrial, la f\u00e1brica desarroll\u00f3 sus productos de modo que ahora ofrece una gama completa de sistemas patentados, donde la m\u00e1xima seguridad y calidad de fabricaci\u00f3n est\u00e1n en armon\u00eda con aspectos de fiabilidad y elegancia. La empresa garantiza una respuesta inmediata a cualquier problema relacionado con la protecci\u00f3n de la propiedad, privada o p\u00fablica.<\/p>\n<p><a href=\"http:\/\/viometaloumin.com\/es\/wp-content\/uploads\/2016\/04\/IMG_0032-1-300x200.jpg\" rel=\"attachment wp-att-2885\"><img loading=\"lazy\" decoding=\"async\" class=\"alignright size-full wp-image-2885\" src=\"http:\/\/viometaloumin.com\/es\/wp-content\/uploads\/2016\/04\/IMG_0032-1-300x200.jpg\" alt=\"IMG_0032-1-300x200\" width=\"300\" height=\"200\" \/><\/a>VIOMETALOUMIN fabrica sus productos con el objetivo de asegurar y satisfacer las necesidades del cliente para seguridad y protecci\u00f3n. La calidad de los materiales utilizados en la fabricaci\u00f3n de sus productos y las instalaciones t\u00e9cnicas y tecnol\u00f3gicas en infraestructura contribuyen de forma que el producto pueda soportar cargas din\u00e1micas fuertes, en condiciones dif\u00edciles causados por actos maliciosos. Las instalaciones de producci\u00f3n son de propiedad, en la zona industrial de Aspropyrgos (Grecia) e incluyen un moderno equipamiento tecnol\u00f3gico con los sistemas computarizados y de gesti\u00f3n electr\u00f3nica de la producci\u00f3n, lo que garantiza altos niveles de calidad y altas capacidades de fabricaci\u00f3n para todos los productos fabricados desde los m\u00e1s simples, hasta las estructuras m\u00e1s complejas.<br \/>\n<a><\/a><br \/>\nLa experiencia, los conocimientos t\u00e9cnicos, el desarrollo de productos, la innovaci\u00f3n, la calidad y la seguridad, son las palabras que describen mejor la filosof\u00eda empresarial de la sociedad y de que se componen sus productos. Las propuestas de los productos VIOMETALOUMIN son soluciones din\u00e1micas y funcionales destinadas a asegurar una ventaja comparativa sobre cualquier actividad delictiva, que amenaza la vida y los bienes de los ciudadanos.<\/p>\n<p><a href=\"http:\/\/viometaloumin.com\/es\/wp-content\/uploads\/2016\/04\/IMG_0060-1-300x177.jpg\" rel=\"attachment wp-att-2886\"><img loading=\"lazy\" decoding=\"async\" class=\"alignleft size-full wp-image-2886\" src=\"http:\/\/viometaloumin.com\/es\/wp-content\/uploads\/2016\/04\/IMG_0060-1-300x177.jpg\" alt=\"IMG_0060-1-300x177\" width=\"300\" height=\"177\" \/><\/a><a href=\"http:\/\/viometaloumin.com\/es\/wp-content\/uploads\/2016\/04\/IMG_0047-300x181.jpg\" rel=\"attachment wp-att-2887\"><img loading=\"lazy\" decoding=\"async\" class=\"size-full wp-image-2887 alignleft\" src=\"http:\/\/viometaloumin.com\/es\/wp-content\/uploads\/2016\/04\/IMG_0047-300x181.jpg\" alt=\"IMG_0047-300x181\" width=\"300\" height=\"181\" \/><\/a><\/p>\n","protected":false},"excerpt":{"rendered":"<p>VIOMETALOUMIN fue fundada en 1963. Est\u00e1 especializada en la fabricaci\u00f3n de sistemas de seguridad plegables para una variedad de estructuras relacionadas con la construcci\u00f3n de edificios: oficinas, tiendas, edificios p\u00fablicos, apartamentos y casas unifamiliares. Al mismo tiempo, desde 1963 ha estudiado y desarrollado estructuras especiales para tratar casos dif\u00edciles e inusuales, que tuvieron que ver [&hellip;]<\/p>\n","protected":false},"author":1,"featured_media":0,"parent":0,"menu_order":0,"comment_status":"closed","ping_status":"closed","template":"full-width.php","meta":{"footnotes":""},"class_list":["post-2888","page","type-page","status-publish","hentry"],"yoast_head":"<!-- This site is optimized with the Yoast SEO plugin v27.4 - https:\/\/yoast.com\/product\/yoast-seo-wordpress\/ -->\n<title>Quienes somos Viometaloumin - VIOMETALOUMIN | puertas plegables de seguridad<\/title>\n<meta name=\"description\" content=\"Quienes somos Viometaloumin\" \/>\n<meta name=\"robots\" content=\"index, follow, max-snippet:-1, max-image-preview:large, max-video-preview:-1\" \/>\n<link rel=\"canonical\" href=\"https:\/\/viometaloumin.com\/es\/quienes-somos-viometaloumin\/\" \/>\n<meta property=\"og:locale\" content=\"en_US\" \/>\n<meta property=\"og:type\" content=\"article\" \/>\n<meta property=\"og:title\" content=\"Quienes somos Viometaloumin - VIOMETALOUMIN | puertas plegables de seguridad\" \/>\n<meta property=\"og:description\" content=\"Quienes somos Viometaloumin\" \/>\n<meta property=\"og:url\" content=\"https:\/\/viometaloumin.com\/es\/quienes-somos-viometaloumin\/\" \/>\n<meta property=\"og:site_name\" content=\"VIOMETALOUMIN | puertas plegables de seguridad\" \/>\n<meta property=\"article:publisher\" content=\"https:\/\/www.facebook.com\/Viometaloumin\" \/>\n<meta property=\"article:modified_time\" content=\"2018-11-16T10:33:30+00:00\" \/>\n<meta property=\"og:image\" content=\"http:\/\/viometaloumin.com\/es\/wp-content\/uploads\/2016\/04\/IMG_0016-300x167.jpg\" \/>\n<meta name=\"twitter:card\" content=\"summary_large_image\" \/>\n<meta name=\"twitter:site\" content=\"@viometaloumin\" \/>\n<meta name=\"twitter:label1\" content=\"Est. reading time\" \/>\n\t<meta name=\"twitter:data1\" content=\"2 minutes\" \/>\n<script type=\"application\/ld+json\" class=\"yoast-schema-graph\">{\"@context\":\"https:\\\/\\\/schema.org\",\"@graph\":[{\"@type\":\"WebPage\",\"@id\":\"https:\\\/\\\/viometaloumin.com\\\/es\\\/quienes-somos-viometaloumin\\\/\",\"url\":\"https:\\\/\\\/viometaloumin.com\\\/es\\\/quienes-somos-viometaloumin\\\/\",\"name\":\"Quienes somos Viometaloumin - VIOMETALOUMIN | puertas plegables de seguridad\",\"isPartOf\":{\"@id\":\"https:\\\/\\\/viometaloumin.com\\\/es\\\/#website\"},\"primaryImageOfPage\":{\"@id\":\"https:\\\/\\\/viometaloumin.com\\\/es\\\/quienes-somos-viometaloumin\\\/#primaryimage\"},\"image\":{\"@id\":\"https:\\\/\\\/viometaloumin.com\\\/es\\\/quienes-somos-viometaloumin\\\/#primaryimage\"},\"thumbnailUrl\":\"http:\\\/\\\/viometaloumin.com\\\/es\\\/wp-content\\\/uploads\\\/2016\\\/04\\\/IMG_0016-300x167.jpg\",\"datePublished\":\"2016-04-09T10:42:17+00:00\",\"dateModified\":\"2018-11-16T10:33:30+00:00\",\"description\":\"Quienes somos Viometaloumin\",\"breadcrumb\":{\"@id\":\"https:\\\/\\\/viometaloumin.com\\\/es\\\/quienes-somos-viometaloumin\\\/#breadcrumb\"},\"inLanguage\":\"en-US\",\"potentialAction\":[{\"@type\":\"ReadAction\",\"target\":[\"https:\\\/\\\/viometaloumin.com\\\/es\\\/quienes-somos-viometaloumin\\\/\"]}]},{\"@type\":\"ImageObject\",\"inLanguage\":\"en-US\",\"@id\":\"https:\\\/\\\/viometaloumin.com\\\/es\\\/quienes-somos-viometaloumin\\\/#primaryimage\",\"url\":\"http:\\\/\\\/viometaloumin.com\\\/es\\\/wp-content\\\/uploads\\\/2016\\\/04\\\/IMG_0016-300x167.jpg\",\"contentUrl\":\"http:\\\/\\\/viometaloumin.com\\\/es\\\/wp-content\\\/uploads\\\/2016\\\/04\\\/IMG_0016-300x167.jpg\"},{\"@type\":\"BreadcrumbList\",\"@id\":\"https:\\\/\\\/viometaloumin.com\\\/es\\\/quienes-somos-viometaloumin\\\/#breadcrumb\",\"itemListElement\":[{\"@type\":\"ListItem\",\"position\":1,\"name\":\"Home\",\"item\":\"https:\\\/\\\/viometaloumin.com\\\/es\\\/\"},{\"@type\":\"ListItem\",\"position\":2,\"name\":\"Quienes somos Viometaloumin\"}]},{\"@type\":\"WebSite\",\"@id\":\"https:\\\/\\\/viometaloumin.com\\\/es\\\/#website\",\"url\":\"https:\\\/\\\/viometaloumin.com\\\/es\\\/\",\"name\":\"VIOMETALOUMIN | puertas plegables de seguridad\",\"description\":\"bares seguridad, ballestas plegables de tijera, barras de seguridad, persianas de seguridad, puertas de seguridad y bares para todos los espacios, puertas de seguridad retr\u00e1ctiles\",\"publisher\":{\"@id\":\"https:\\\/\\\/viometaloumin.com\\\/es\\\/#organization\"},\"potentialAction\":[{\"@type\":\"SearchAction\",\"target\":{\"@type\":\"EntryPoint\",\"urlTemplate\":\"https:\\\/\\\/viometaloumin.com\\\/es\\\/?s={search_term_string}\"},\"query-input\":{\"@type\":\"PropertyValueSpecification\",\"valueRequired\":true,\"valueName\":\"search_term_string\"}}],\"inLanguage\":\"en-US\"},{\"@type\":\"Organization\",\"@id\":\"https:\\\/\\\/viometaloumin.com\\\/es\\\/#organization\",\"name\":\"Viometaloumin\",\"url\":\"https:\\\/\\\/viometaloumin.com\\\/es\\\/\",\"logo\":{\"@type\":\"ImageObject\",\"inLanguage\":\"en-US\",\"@id\":\"https:\\\/\\\/viometaloumin.com\\\/es\\\/#\\\/schema\\\/logo\\\/image\\\/\",\"url\":\"https:\\\/\\\/viometaloumin.com\\\/es\\\/wp-content\\\/uploads\\\/2012\\\/11\\\/LOGO_ES.jpg\",\"contentUrl\":\"https:\\\/\\\/viometaloumin.com\\\/es\\\/wp-content\\\/uploads\\\/2012\\\/11\\\/LOGO_ES.jpg\",\"width\":480,\"height\":90,\"caption\":\"Viometaloumin\"},\"image\":{\"@id\":\"https:\\\/\\\/viometaloumin.com\\\/es\\\/#\\\/schema\\\/logo\\\/image\\\/\"},\"sameAs\":[\"https:\\\/\\\/www.facebook.com\\\/Viometaloumin\",\"https:\\\/\\\/x.com\\\/viometaloumin\",\"https:\\\/\\\/www.linkedin.com\\\/company\\\/1754251\",\"https:\\\/\\\/www.youtube.com\\\/user\\\/viometaloumin\"]}]}<\/script>\n<!-- \/ Yoast SEO plugin. -->","yoast_head_json":{"title":"Quienes somos Viometaloumin - VIOMETALOUMIN | puertas plegables de seguridad","description":"Quienes somos Viometaloumin","robots":{"index":"index","follow":"follow","max-snippet":"max-snippet:-1","max-image-preview":"max-image-preview:large","max-video-preview":"max-video-preview:-1"},"canonical":"https:\/\/viometaloumin.com\/es\/quienes-somos-viometaloumin\/","og_locale":"en_US","og_type":"article","og_title":"Quienes somos Viometaloumin - VIOMETALOUMIN | puertas plegables de seguridad","og_description":"Quienes somos Viometaloumin","og_url":"https:\/\/viometaloumin.com\/es\/quienes-somos-viometaloumin\/","og_site_name":"VIOMETALOUMIN | puertas plegables de seguridad","article_publisher":"https:\/\/www.facebook.com\/Viometaloumin","article_modified_time":"2018-11-16T10:33:30+00:00","og_image":[{"url":"http:\/\/viometaloumin.com\/es\/wp-content\/uploads\/2016\/04\/IMG_0016-300x167.jpg","type":"","width":"","height":""}],"twitter_card":"summary_large_image","twitter_site":"@viometaloumin","twitter_misc":{"Est. reading time":"2 minutes"},"schema":{"@context":"https:\/\/schema.org","@graph":[{"@type":"WebPage","@id":"https:\/\/viometaloumin.com\/es\/quienes-somos-viometaloumin\/","url":"https:\/\/viometaloumin.com\/es\/quienes-somos-viometaloumin\/","name":"Quienes somos Viometaloumin - VIOMETALOUMIN | puertas plegables de seguridad","isPartOf":{"@id":"https:\/\/viometaloumin.com\/es\/#website"},"primaryImageOfPage":{"@id":"https:\/\/viometaloumin.com\/es\/quienes-somos-viometaloumin\/#primaryimage"},"image":{"@id":"https:\/\/viometaloumin.com\/es\/quienes-somos-viometaloumin\/#primaryimage"},"thumbnailUrl":"http:\/\/viometaloumin.com\/es\/wp-content\/uploads\/2016\/04\/IMG_0016-300x167.jpg","datePublished":"2016-04-09T10:42:17+00:00","dateModified":"2018-11-16T10:33:30+00:00","description":"Quienes somos Viometaloumin","breadcrumb":{"@id":"https:\/\/viometaloumin.com\/es\/quienes-somos-viometaloumin\/#breadcrumb"},"inLanguage":"en-US","potentialAction":[{"@type":"ReadAction","target":["https:\/\/viometaloumin.com\/es\/quienes-somos-viometaloumin\/"]}]},{"@type":"ImageObject","inLanguage":"en-US","@id":"https:\/\/viometaloumin.com\/es\/quienes-somos-viometaloumin\/#primaryimage","url":"http:\/\/viometaloumin.com\/es\/wp-content\/uploads\/2016\/04\/IMG_0016-300x167.jpg","contentUrl":"http:\/\/viometaloumin.com\/es\/wp-content\/uploads\/2016\/04\/IMG_0016-300x167.jpg"},{"@type":"BreadcrumbList","@id":"https:\/\/viometaloumin.com\/es\/quienes-somos-viometaloumin\/#breadcrumb","itemListElement":[{"@type":"ListItem","position":1,"name":"Home","item":"https:\/\/viometaloumin.com\/es\/"},{"@type":"ListItem","position":2,"name":"Quienes somos Viometaloumin"}]},{"@type":"WebSite","@id":"https:\/\/viometaloumin.com\/es\/#website","url":"https:\/\/viometaloumin.com\/es\/","name":"VIOMETALOUMIN | puertas plegables de seguridad","description":"bares seguridad, ballestas plegables de tijera, barras de seguridad, persianas de seguridad, puertas de seguridad y bares para todos los espacios, puertas de seguridad retr\u00e1ctiles","publisher":{"@id":"https:\/\/viometaloumin.com\/es\/#organization"},"potentialAction":[{"@type":"SearchAction","target":{"@type":"EntryPoint","urlTemplate":"https:\/\/viometaloumin.com\/es\/?s={search_term_string}"},"query-input":{"@type":"PropertyValueSpecification","valueRequired":true,"valueName":"search_term_string"}}],"inLanguage":"en-US"},{"@type":"Organization","@id":"https:\/\/viometaloumin.com\/es\/#organization","name":"Viometaloumin","url":"https:\/\/viometaloumin.com\/es\/","logo":{"@type":"ImageObject","inLanguage":"en-US","@id":"https:\/\/viometaloumin.com\/es\/#\/schema\/logo\/image\/","url":"https:\/\/viometaloumin.com\/es\/wp-content\/uploads\/2012\/11\/LOGO_ES.jpg","contentUrl":"https:\/\/viometaloumin.com\/es\/wp-content\/uploads\/2012\/11\/LOGO_ES.jpg","width":480,"height":90,"caption":"Viometaloumin"},"image":{"@id":"https:\/\/viometaloumin.com\/es\/#\/schema\/logo\/image\/"},"sameAs":["https:\/\/www.facebook.com\/Viometaloumin","https:\/\/x.com\/viometaloumin","https:\/\/www.linkedin.com\/company\/1754251","https:\/\/www.youtube.com\/user\/viometaloumin"]}]}},"_links":{"self":[{"href":"https:\/\/viometaloumin.com\/es\/wp-json\/wp\/v2\/pages\/2888","targetHints":{"allow":["GET"]}}],"collection":[{"href":"https:\/\/viometaloumin.com\/es\/wp-json\/wp\/v2\/pages"}],"about":[{"href":"https:\/\/viometaloumin.com\/es\/wp-json\/wp\/v2\/types\/page"}],"author":[{"embeddable":true,"href":"https:\/\/viometaloumin.com\/es\/wp-json\/wp\/v2\/users\/1"}],"replies":[{"embeddable":true,"href":"https:\/\/viometaloumin.com\/es\/wp-json\/wp\/v2\/comments?post=2888"}],"version-history":[{"count":14,"href":"https:\/\/viometaloumin.com\/es\/wp-json\/wp\/v2\/pages\/2888\/revisions"}],"predecessor-version":[{"id":4829,"href":"https:\/\/viometaloumin.com\/es\/wp-json\/wp\/v2\/pages\/2888\/revisions\/4829"}],"wp:attachment":[{"href":"https:\/\/viometaloumin.com\/es\/wp-json\/wp\/v2\/media?parent=2888"}],"curies":[{"name":"wp","href":"https:\/\/api.w.org\/{rel}","templated":true}]}}