{"id":2900,"date":"2016-04-09T14:16:38","date_gmt":"2016-04-09T11:16:38","guid":{"rendered":"http:\/\/viometaloumin.com\/es\/?page_id=2900"},"modified":"2020-11-05T13:58:11","modified_gmt":"2020-11-05T11:58:11","slug":"certificados-de-viometaloumin","status":"publish","type":"page","link":"https:\/\/viometaloumin.com\/es\/certificados-de-viometaloumin\/","title":{"rendered":"Certificados de Viometaloumin"},"content":{"rendered":"<h4>VIOMETALOUMIN sigue evolucionando sus productos, sigue certificando su calidad y su valor, realizando ensayos de antirrobo por el prestigioso Instituto Giordano, con sede en Italia.<br \/>Los productos VIOMETALOUMIN demuestran su valor con los certificados antirrobo y anti-corrosi\u00f3n, que disponen.<br \/>Son los \u00fanicos productos de este tipo de calidad, en Grecia, obteniendo estas certificaciones y est\u00e1n disponibles para cualquier cliente interesado.<\/h4>\n<div class=\"one_fourth\">\n<h2 style=\"text-align: left;\"><a href=\"https:\/\/viometaloumin.com\/es\/wp-content\/uploads\/2020\/07\/CERT_VIOMETALOUMIN_9001_2019_EN.pdf\">T\u00dcV AUSTRIA Certificate 9001 2019<\/a><\/h2>\n<p><a href=\"https:\/\/viometaloumin.com\/es\/wp-content\/uploads\/2020\/07\/CERT_VIOMETALOUMIN_9001_2019_EN.pdf\"><img loading=\"lazy\" decoding=\"async\" class=\"alignleft size-full wp-image-7558\" src=\"https:\/\/viometaloumin.com\/es\/wp-content\/uploads\/2020\/07\/CERT_VIOMETALOUMIN_9001_2019_202_140_EN.jpg\" alt=\"\" width=\"202\" height=\"140\"><\/a><\/div>\n<div class=\"one_fourth\">\n<h2 style=\"text-align: left;\"><a href=\"http:\/\/viometaloumin.com\/es\/wp-content\/uploads\/2019\/09\/RC2-T82.pdf\"> Certificado De Resistencia RC2 &#8211; T82<\/a><\/h2>\n<p><a href=\"http:\/\/viometaloumin.com\/es\/wp-content\/uploads\/2019\/09\/RC2-T82.pdf\"><img loading=\"lazy\" decoding=\"async\" width=\"202\" height=\"140\" class=\"alignleft size-full wp-image-7558\" alt=\"\" src=\"http:\/\/viometaloumin.com\/es\/wp-content\/uploads\/2019\/09\/Certificates2.jpg\"><\/a><\/div>\n<div class=\"one_fourth\">\n<h2 style=\"text-align: left;\"><a href=\"http:\/\/viometaloumin.com\/es\/wp-content\/uploads\/2019\/09\/RC2-T100-T120.pdf\"> Certificado De Resistencia T100 \/ T120<\/a><\/h2>\n<p><a href=\"http:\/\/viometaloumin.com\/es\/wp-content\/uploads\/2019\/09\/RC2-T100-T120.pdf\"><img loading=\"lazy\" decoding=\"async\" width=\"202\" height=\"140\" class=\"alignleft size-full wp-image-7558\" alt=\"\" src=\"http:\/\/viometaloumin.com\/es\/wp-content\/uploads\/2019\/09\/Certificates2.jpg\"><\/a><\/div>\n<div class=\"one_fourth last\">\n<h2 style=\"text-align: left;\"><a href=\"http:\/\/viometaloumin.com\/es\/wp-content\/uploads\/2016\/04\/Test-T80.pdf\">Certificado Anticorrosi\u00f3n<\/br> \u03a480 \/ \u03a482 \/ \u03a470 \/ \u03a472<\/a><\/h2>\n<p><a href=\"http:\/\/viometaloumin.com\/es\/wp-content\/uploads\/2016\/04\/Test-T80.pdf\"><img loading=\"lazy\" decoding=\"async\" width=\"202\" height=\"140\" class=\"alignleft size-full wp-image-7558\" alt=\"\" src=\"http:\/\/viometaloumin.com\/es\/wp-content\/uploads\/2019\/09\/Certificates1.png\"><\/a><\/div>\n<div class=\"clearboth\"><\/div>\n<div class=\"one_fourth\">\n<h2 style=\"text-align: left;\"><a href=\"http:\/\/viometaloumin.com\/es\/wp-content\/uploads\/2016\/04\/Test-T120.pdf\">Certificado Anticorrosi\u00f3n<\/br> T120 INOX<\/a><\/h2>\n<p><a href=\"http:\/\/viometaloumin.com\/es\/wp-content\/uploads\/2016\/04\/Test-T120.pdf\"><img loading=\"lazy\" decoding=\"async\" width=\"202\" height=\"140\" class=\"alignleft size-full wp-image-7558\" alt=\"\" src=\"http:\/\/viometaloumin.com\/es\/wp-content\/uploads\/2019\/09\/Certificates1.png\"><\/a><\/div>\n<div class=\"one_fourth\">\n<h2 style=\"text-align: left;\"><a href=\"http:\/\/viometaloumin.com\/es\/wp-content\/uploads\/2016\/04\/319024.pdf\">Informe De Prueba<\/br> No. 31902 T100 &#8211; RC2<\/a><\/h2>\n<p><a href=\"http:\/\/viometaloumin.com\/es\/wp-content\/uploads\/2016\/04\/319024.pdf\"><img loading=\"lazy\" decoding=\"async\" width=\"202\" height=\"140\" class=\"alignleft size-full wp-image-7558\" alt=\"\" src=\"http:\/\/viometaloumin.com\/es\/wp-content\/uploads\/2019\/09\/Certificates1.png\"><\/a><\/div>\n<div class=\"one_fourth\">\n<h2 style=\"text-align: left;\"><a href=\"http:\/\/viometaloumin.com\/es\/wp-content\/uploads\/2016\/04\/319095.pdf\">Certificado Antirrobo<\/br> \u03a4100<\/a><\/h2>\n<p><a href=\"http:\/\/viometaloumin.com\/es\/wp-content\/uploads\/2016\/04\/319095.pdf\"><img loading=\"lazy\" decoding=\"async\" width=\"202\" height=\"140\" class=\"alignleft size-full wp-image-7558\" alt=\"\" src=\"http:\/\/viometaloumin.com\/es\/wp-content\/uploads\/2019\/09\/Certificates1.png\"><\/a><\/div>\n<div class=\"one_fourth last\">\n<h2 style=\"text-align: left;\"><a href=\"http:\/\/viometaloumin.com\/es\/wp-content\/uploads\/2016\/04\/T80-RC2.pdf\">Certificado Antirrobo<\/br>  T82\/T72<\/a><\/h2>\n<p><a href=\"http:\/\/viometaloumin.com\/es\/wp-content\/uploads\/2016\/04\/T80-RC2.pdf\"><img loading=\"lazy\" decoding=\"async\" width=\"202\" height=\"140\" class=\"alignleft size-full wp-image-7558\" alt=\"\" src=\"http:\/\/viometaloumin.com\/es\/wp-content\/uploads\/2019\/09\/Certificates1.png\"><\/a><\/div>\n<div class=\"clearboth\"><\/div>\n<div class=\"one_fourth\">\n<h2 style=\"text-align: left;\"><a href=\"http:\/\/viometaloumin.com\/es\/wp-content\/uploads\/2016\/06\/319110_2.pdf\">Certificado Antirrobo<\/br> T120 INOX<\/a><\/h2>\n<p><a href=\"http:\/\/viometaloumin.com\/es\/wp-content\/uploads\/2016\/06\/319110_2.pdf\"><img loading=\"lazy\" decoding=\"async\" width=\"202\" height=\"140\" class=\"alignleft size-full wp-image-7558\" alt=\"\" src=\"http:\/\/viometaloumin.com\/es\/wp-content\/uploads\/2019\/09\/Certificates1.png\"><\/a><\/p>\n<\/div>\n<div class=\"one_fourth\">\n<p><\/div>\n<div class=\"one_fourth\">\n<p><\/div>\n<div class=\"one_fourth last\">\n<p><\/div>\n<div class=\"clearboth\"><\/div>\n","protected":false},"excerpt":{"rendered":"<p>VIOMETALOUMIN sigue evolucionando sus productos, sigue certificando su calidad y su valor, realizando ensayos de antirrobo por el prestigioso Instituto Giordano, con sede en Italia.Los productos VIOMETALOUMIN demuestran su valor con los certificados antirrobo y anti-corrosi\u00f3n, que disponen.Son los \u00fanicos productos de este tipo de calidad, en Grecia, obteniendo estas certificaciones y est\u00e1n disponibles para [&hellip;]<\/p>\n","protected":false},"author":1,"featured_media":0,"parent":0,"menu_order":0,"comment_status":"closed","ping_status":"closed","template":"full-width.php","meta":{"footnotes":""},"class_list":["post-2900","page","type-page","status-publish","hentry"],"yoast_head":"<!-- This site is optimized with the Yoast SEO plugin v27.4 - https:\/\/yoast.com\/product\/yoast-seo-wordpress\/ -->\n<title>Certificados de Viometaloumin - VIOMETALOUMIN | puertas plegables de seguridad<\/title>\n<meta name=\"description\" content=\"Certificados de Viometaloumin\" \/>\n<meta name=\"robots\" content=\"index, follow, max-snippet:-1, max-image-preview:large, max-video-preview:-1\" \/>\n<link rel=\"canonical\" href=\"https:\/\/viometaloumin.com\/es\/certificados-de-viometaloumin\/\" \/>\n<meta property=\"og:locale\" content=\"en_US\" \/>\n<meta property=\"og:type\" content=\"article\" \/>\n<meta property=\"og:title\" content=\"Certificados de Viometaloumin - VIOMETALOUMIN | puertas plegables de seguridad\" \/>\n<meta property=\"og:description\" content=\"Certificados de Viometaloumin\" \/>\n<meta property=\"og:url\" content=\"https:\/\/viometaloumin.com\/es\/certificados-de-viometaloumin\/\" \/>\n<meta property=\"og:site_name\" content=\"VIOMETALOUMIN | puertas plegables de seguridad\" \/>\n<meta property=\"article:publisher\" content=\"https:\/\/www.facebook.com\/Viometaloumin\" \/>\n<meta property=\"article:modified_time\" content=\"2020-11-05T11:58:11+00:00\" \/>\n<meta property=\"og:image\" content=\"https:\/\/viometaloumin.com\/es\/wp-content\/uploads\/2020\/07\/CERT_VIOMETALOUMIN_9001_2019_202_140_EN.jpg\" \/>\n<meta name=\"twitter:card\" content=\"summary_large_image\" \/>\n<meta name=\"twitter:site\" content=\"@viometaloumin\" \/>\n<meta name=\"twitter:label1\" content=\"Est. reading time\" \/>\n\t<meta name=\"twitter:data1\" content=\"1 minute\" \/>\n<script type=\"application\/ld+json\" class=\"yoast-schema-graph\">{\"@context\":\"https:\\\/\\\/schema.org\",\"@graph\":[{\"@type\":\"WebPage\",\"@id\":\"https:\\\/\\\/viometaloumin.com\\\/es\\\/certificados-de-viometaloumin\\\/\",\"url\":\"https:\\\/\\\/viometaloumin.com\\\/es\\\/certificados-de-viometaloumin\\\/\",\"name\":\"Certificados de Viometaloumin - VIOMETALOUMIN | puertas plegables de seguridad\",\"isPartOf\":{\"@id\":\"https:\\\/\\\/viometaloumin.com\\\/es\\\/#website\"},\"primaryImageOfPage\":{\"@id\":\"https:\\\/\\\/viometaloumin.com\\\/es\\\/certificados-de-viometaloumin\\\/#primaryimage\"},\"image\":{\"@id\":\"https:\\\/\\\/viometaloumin.com\\\/es\\\/certificados-de-viometaloumin\\\/#primaryimage\"},\"thumbnailUrl\":\"https:\\\/\\\/viometaloumin.com\\\/es\\\/wp-content\\\/uploads\\\/2020\\\/07\\\/CERT_VIOMETALOUMIN_9001_2019_202_140_EN.jpg\",\"datePublished\":\"2016-04-09T11:16:38+00:00\",\"dateModified\":\"2020-11-05T11:58:11+00:00\",\"description\":\"Certificados de Viometaloumin\",\"breadcrumb\":{\"@id\":\"https:\\\/\\\/viometaloumin.com\\\/es\\\/certificados-de-viometaloumin\\\/#breadcrumb\"},\"inLanguage\":\"en-US\",\"potentialAction\":[{\"@type\":\"ReadAction\",\"target\":[\"https:\\\/\\\/viometaloumin.com\\\/es\\\/certificados-de-viometaloumin\\\/\"]}]},{\"@type\":\"ImageObject\",\"inLanguage\":\"en-US\",\"@id\":\"https:\\\/\\\/viometaloumin.com\\\/es\\\/certificados-de-viometaloumin\\\/#primaryimage\",\"url\":\"https:\\\/\\\/viometaloumin.com\\\/es\\\/wp-content\\\/uploads\\\/2020\\\/07\\\/CERT_VIOMETALOUMIN_9001_2019_202_140_EN.jpg\",\"contentUrl\":\"https:\\\/\\\/viometaloumin.com\\\/es\\\/wp-content\\\/uploads\\\/2020\\\/07\\\/CERT_VIOMETALOUMIN_9001_2019_202_140_EN.jpg\",\"width\":202,\"height\":140},{\"@type\":\"BreadcrumbList\",\"@id\":\"https:\\\/\\\/viometaloumin.com\\\/es\\\/certificados-de-viometaloumin\\\/#breadcrumb\",\"itemListElement\":[{\"@type\":\"ListItem\",\"position\":1,\"name\":\"Home\",\"item\":\"https:\\\/\\\/viometaloumin.com\\\/es\\\/\"},{\"@type\":\"ListItem\",\"position\":2,\"name\":\"Certificados de Viometaloumin\"}]},{\"@type\":\"WebSite\",\"@id\":\"https:\\\/\\\/viometaloumin.com\\\/es\\\/#website\",\"url\":\"https:\\\/\\\/viometaloumin.com\\\/es\\\/\",\"name\":\"VIOMETALOUMIN | puertas plegables de seguridad\",\"description\":\"bares seguridad, ballestas plegables de tijera, barras de seguridad, persianas de seguridad, puertas de seguridad y bares para todos los espacios, puertas de seguridad retr\u00e1ctiles\",\"publisher\":{\"@id\":\"https:\\\/\\\/viometaloumin.com\\\/es\\\/#organization\"},\"potentialAction\":[{\"@type\":\"SearchAction\",\"target\":{\"@type\":\"EntryPoint\",\"urlTemplate\":\"https:\\\/\\\/viometaloumin.com\\\/es\\\/?s={search_term_string}\"},\"query-input\":{\"@type\":\"PropertyValueSpecification\",\"valueRequired\":true,\"valueName\":\"search_term_string\"}}],\"inLanguage\":\"en-US\"},{\"@type\":\"Organization\",\"@id\":\"https:\\\/\\\/viometaloumin.com\\\/es\\\/#organization\",\"name\":\"Viometaloumin\",\"url\":\"https:\\\/\\\/viometaloumin.com\\\/es\\\/\",\"logo\":{\"@type\":\"ImageObject\",\"inLanguage\":\"en-US\",\"@id\":\"https:\\\/\\\/viometaloumin.com\\\/es\\\/#\\\/schema\\\/logo\\\/image\\\/\",\"url\":\"https:\\\/\\\/viometaloumin.com\\\/es\\\/wp-content\\\/uploads\\\/2012\\\/11\\\/LOGO_ES.jpg\",\"contentUrl\":\"https:\\\/\\\/viometaloumin.com\\\/es\\\/wp-content\\\/uploads\\\/2012\\\/11\\\/LOGO_ES.jpg\",\"width\":480,\"height\":90,\"caption\":\"Viometaloumin\"},\"image\":{\"@id\":\"https:\\\/\\\/viometaloumin.com\\\/es\\\/#\\\/schema\\\/logo\\\/image\\\/\"},\"sameAs\":[\"https:\\\/\\\/www.facebook.com\\\/Viometaloumin\",\"https:\\\/\\\/x.com\\\/viometaloumin\",\"https:\\\/\\\/www.linkedin.com\\\/company\\\/1754251\",\"https:\\\/\\\/www.youtube.com\\\/user\\\/viometaloumin\"]}]}<\/script>\n<!-- \/ Yoast SEO plugin. -->","yoast_head_json":{"title":"Certificados de Viometaloumin - VIOMETALOUMIN | puertas plegables de seguridad","description":"Certificados de Viometaloumin","robots":{"index":"index","follow":"follow","max-snippet":"max-snippet:-1","max-image-preview":"max-image-preview:large","max-video-preview":"max-video-preview:-1"},"canonical":"https:\/\/viometaloumin.com\/es\/certificados-de-viometaloumin\/","og_locale":"en_US","og_type":"article","og_title":"Certificados de Viometaloumin - VIOMETALOUMIN | puertas plegables de seguridad","og_description":"Certificados de Viometaloumin","og_url":"https:\/\/viometaloumin.com\/es\/certificados-de-viometaloumin\/","og_site_name":"VIOMETALOUMIN | puertas plegables de seguridad","article_publisher":"https:\/\/www.facebook.com\/Viometaloumin","article_modified_time":"2020-11-05T11:58:11+00:00","og_image":[{"url":"https:\/\/viometaloumin.com\/es\/wp-content\/uploads\/2020\/07\/CERT_VIOMETALOUMIN_9001_2019_202_140_EN.jpg","type":"","width":"","height":""}],"twitter_card":"summary_large_image","twitter_site":"@viometaloumin","twitter_misc":{"Est. reading time":"1 minute"},"schema":{"@context":"https:\/\/schema.org","@graph":[{"@type":"WebPage","@id":"https:\/\/viometaloumin.com\/es\/certificados-de-viometaloumin\/","url":"https:\/\/viometaloumin.com\/es\/certificados-de-viometaloumin\/","name":"Certificados de Viometaloumin - VIOMETALOUMIN | puertas plegables de seguridad","isPartOf":{"@id":"https:\/\/viometaloumin.com\/es\/#website"},"primaryImageOfPage":{"@id":"https:\/\/viometaloumin.com\/es\/certificados-de-viometaloumin\/#primaryimage"},"image":{"@id":"https:\/\/viometaloumin.com\/es\/certificados-de-viometaloumin\/#primaryimage"},"thumbnailUrl":"https:\/\/viometaloumin.com\/es\/wp-content\/uploads\/2020\/07\/CERT_VIOMETALOUMIN_9001_2019_202_140_EN.jpg","datePublished":"2016-04-09T11:16:38+00:00","dateModified":"2020-11-05T11:58:11+00:00","description":"Certificados de Viometaloumin","breadcrumb":{"@id":"https:\/\/viometaloumin.com\/es\/certificados-de-viometaloumin\/#breadcrumb"},"inLanguage":"en-US","potentialAction":[{"@type":"ReadAction","target":["https:\/\/viometaloumin.com\/es\/certificados-de-viometaloumin\/"]}]},{"@type":"ImageObject","inLanguage":"en-US","@id":"https:\/\/viometaloumin.com\/es\/certificados-de-viometaloumin\/#primaryimage","url":"https:\/\/viometaloumin.com\/es\/wp-content\/uploads\/2020\/07\/CERT_VIOMETALOUMIN_9001_2019_202_140_EN.jpg","contentUrl":"https:\/\/viometaloumin.com\/es\/wp-content\/uploads\/2020\/07\/CERT_VIOMETALOUMIN_9001_2019_202_140_EN.jpg","width":202,"height":140},{"@type":"BreadcrumbList","@id":"https:\/\/viometaloumin.com\/es\/certificados-de-viometaloumin\/#breadcrumb","itemListElement":[{"@type":"ListItem","position":1,"name":"Home","item":"https:\/\/viometaloumin.com\/es\/"},{"@type":"ListItem","position":2,"name":"Certificados de Viometaloumin"}]},{"@type":"WebSite","@id":"https:\/\/viometaloumin.com\/es\/#website","url":"https:\/\/viometaloumin.com\/es\/","name":"VIOMETALOUMIN | puertas plegables de seguridad","description":"bares seguridad, ballestas plegables de tijera, barras de seguridad, persianas de seguridad, puertas de seguridad y bares para todos los espacios, puertas de seguridad retr\u00e1ctiles","publisher":{"@id":"https:\/\/viometaloumin.com\/es\/#organization"},"potentialAction":[{"@type":"SearchAction","target":{"@type":"EntryPoint","urlTemplate":"https:\/\/viometaloumin.com\/es\/?s={search_term_string}"},"query-input":{"@type":"PropertyValueSpecification","valueRequired":true,"valueName":"search_term_string"}}],"inLanguage":"en-US"},{"@type":"Organization","@id":"https:\/\/viometaloumin.com\/es\/#organization","name":"Viometaloumin","url":"https:\/\/viometaloumin.com\/es\/","logo":{"@type":"ImageObject","inLanguage":"en-US","@id":"https:\/\/viometaloumin.com\/es\/#\/schema\/logo\/image\/","url":"https:\/\/viometaloumin.com\/es\/wp-content\/uploads\/2012\/11\/LOGO_ES.jpg","contentUrl":"https:\/\/viometaloumin.com\/es\/wp-content\/uploads\/2012\/11\/LOGO_ES.jpg","width":480,"height":90,"caption":"Viometaloumin"},"image":{"@id":"https:\/\/viometaloumin.com\/es\/#\/schema\/logo\/image\/"},"sameAs":["https:\/\/www.facebook.com\/Viometaloumin","https:\/\/x.com\/viometaloumin","https:\/\/www.linkedin.com\/company\/1754251","https:\/\/www.youtube.com\/user\/viometaloumin"]}]}},"_links":{"self":[{"href":"https:\/\/viometaloumin.com\/es\/wp-json\/wp\/v2\/pages\/2900","targetHints":{"allow":["GET"]}}],"collection":[{"href":"https:\/\/viometaloumin.com\/es\/wp-json\/wp\/v2\/pages"}],"about":[{"href":"https:\/\/viometaloumin.com\/es\/wp-json\/wp\/v2\/types\/page"}],"author":[{"embeddable":true,"href":"https:\/\/viometaloumin.com\/es\/wp-json\/wp\/v2\/users\/1"}],"replies":[{"embeddable":true,"href":"https:\/\/viometaloumin.com\/es\/wp-json\/wp\/v2\/comments?post=2900"}],"version-history":[{"count":69,"href":"https:\/\/viometaloumin.com\/es\/wp-json\/wp\/v2\/pages\/2900\/revisions"}],"predecessor-version":[{"id":4988,"href":"https:\/\/viometaloumin.com\/es\/wp-json\/wp\/v2\/pages\/2900\/revisions\/4988"}],"wp:attachment":[{"href":"https:\/\/viometaloumin.com\/es\/wp-json\/wp\/v2\/media?parent=2900"}],"curies":[{"name":"wp","href":"https:\/\/api.w.org\/{rel}","templated":true}]}}