{"id":3272,"date":"2016-04-11T17:00:47","date_gmt":"2016-04-11T14:00:47","guid":{"rendered":"http:\/\/viometaloumin.com\/es\/?page_id=3272"},"modified":"2017-08-15T17:34:22","modified_gmt":"2017-08-15T14:34:22","slug":"con-armas-pesadas-los-ladrones-prefieren-casas-unifamiliares-y-viviendas-donde-viven-ancianos","status":"publish","type":"page","link":"https:\/\/viometaloumin.com\/es\/con-armas-pesadas-los-ladrones-prefieren-casas-unifamiliares-y-viviendas-donde-viven-ancianos\/","title":{"rendered":"Con armas pesadas los ladrones &#8216;prefieren&#8217; casas unifamiliares y viviendas donde viven ancianos"},"content":{"rendered":"<p><a href=\"http:\/\/viometaloumin.gr\/wp-content\/uploads\/2016\/06\/2.jpg\"><img loading=\"lazy\" decoding=\"async\" src=\"http:\/\/viometaloumin.gr\/wp-content\/uploads\/2016\/06\/2.jpg\" alt=\"Con armas pesadas los ladrones prefieren casas unifamiliares y viviendas donde viven ancianos\" width=\"1041\" height=\"768\" class=\"alignleft size-full wp-image-5186\" \/><\/a><\/p>\n<h4><strong>Los ladrones entran con armamento pesado, listos para todo, principalmente en casas que no tienen sistema de vigilancia y protecci\u00f3n, donde viven personas mayores o se encuentran en el primer piso de edificios residenciales, por su acceso m\u00e1s f\u00e1cil.<\/strong><br \/>\nSeg\u00fan estad\u00edsticas facilitadas por la polic\u00eda griega, en 2012 se registraron en todo Grecia, 1.191 robos en viviendas con gente dentro, mientras que hubo 912 robos con gente dentro en 2011 y 432 en 2010. En la Prefectura de \u00c1tica el problema es m\u00e1s agudo, ya que se registraron un total de 14,384 robos en casas, con gente dentro o fuera.<\/p>\n<p>Lo que es preocupante para la polic\u00eda griega es que ha cambiado dr\u00e1sticamente el crimen por regla general y el perfil de los ladrones en tiempos de crisis. Ya los criminales no llevan armas pesadas, incluyendo fusiles de asalto tipo Kalasnikov y no dudan en quitar vidas si no encuentran el bot\u00edn que esperaban.<\/h4>\n<h4>El mism\u00edsimo ministro de protecci\u00f3n ciudadana, D. Nikos Dendias, en una entrevista reciente ha comentado que el pa\u00eds est\u00e1 lleno de kalasnikovs, queriendo demostrar el grave problema del mercado negro de armas en Grecia y sobre el f\u00e1cil acceso de criminales a armas pesadas que causan &#8220;dolor de cabeza&#8221; al ministerio de interior.<\/h4>\n<p>&nbsp;<br \/>\n<a href=\"http:\/\/viometaloumin.gr\/wp-content\/uploads\/2016\/06\/3.jpg\"><img loading=\"lazy\" decoding=\"async\" src=\"http:\/\/viometaloumin.gr\/wp-content\/uploads\/2016\/06\/3.jpg\" alt=\"Con armas pesadas los ladrones 'prefieren' casas unifamiliares y viviendas donde viven ancianos\" width=\"750\" height=\"499\" class=\"alignleft size-full wp-image-5188\" \/><\/a><br \/>\n&nbsp;<\/p>\n<blockquote><p>&#8220;El pa\u00eds tiene unas fronteras sin fin, debo comentarles que las costas griegas tienen el mismo per\u00edmetro que las costas de todo el continente africano. Tambi\u00e9n tenemos fronteras en sierras de monta\u00f1a que no se vigilan. As\u00ed, la cuesti\u00f3n no es c\u00f3mo entran las armas en Grecia, o como nos invaden los inmigrantes ilegales. Lo primordial es como estas armas se utilizan y como han modificado las condiciones de seguridad ciudadana en Grecia. La polic\u00eda griega se enfrenta a un desaf\u00edo que no hay segundo en la historia de la sociedad griega y tal vez, un desaf\u00edo que no hay otro en ning\u00fan otro pa\u00eds europeo hoy.&#8221;<\/p><\/blockquote>\n<h4>Al mismo tiempo, un estudio estad\u00edstico reciente de la polic\u00eda griega indica las &#8220;preferencias&#8221; de las bandas de atracadores, en relaci\u00f3n a sus v\u00edctimas y las casas en las que residen. 83% de los ataques a viviendas son a casas unifamiliares. Del 22% restante de robos se perpetran en apartamentos de planta baja y el 14,5% es apartamentos del primer piso.<br \/>\nAproximadamente s\u00f3lo un 32% de los robos en viviendas se encuentra quien lo hizo. En el a\u00f1o 2012 un total de 467 delincuentes fueron detenidos, de los cuales el 57% eran extranjeros y 43% griegos. Sin embargo, tomamos en cuenta que la tasa de ataques a los hogares se redujo ligeramente en comparaci\u00f3n con el 2011, pero los ataques son considerados por la polic\u00eda griega mucho m\u00e1s peligrosos debido a que en muchos casos vienen acompa\u00f1ados de lesiones y asesinatos de las v\u00edctimas.<\/h4>\n<h6>Bandidos fuertemente armados prefieren las residencias de la tercera edad<br \/>\n(Art\u00edculo Reeditado de Noticias NEWPOST.GR Sitio, 31 de Marzo 2013).<\/h6>\n","protected":false},"excerpt":{"rendered":"<p>Los ladrones entran con armamento pesado, listos para todo, principalmente en casas que no tienen sistema de vigilancia y protecci\u00f3n, donde viven personas mayores o se encuentran en el primer piso de edificios residenciales, por su acceso m\u00e1s f\u00e1cil. Seg\u00fan estad\u00edsticas facilitadas por la polic\u00eda griega, en 2012 se registraron en todo Grecia, 1.191 robos [&hellip;]<\/p>\n","protected":false},"author":1,"featured_media":0,"parent":0,"menu_order":0,"comment_status":"closed","ping_status":"closed","template":"","meta":{"footnotes":""},"class_list":["post-3272","page","type-page","status-publish","hentry"],"yoast_head":"<!-- This site is optimized with the Yoast SEO plugin v27.4 - https:\/\/yoast.com\/product\/yoast-seo-wordpress\/ -->\n<title>Con armas pesadas los ladrones &#039;prefieren&#039; casas unifamiliares y viviendas donde viven ancianos - VIOMETALOUMIN | puertas plegables de seguridad<\/title>\n<meta name=\"description\" content=\"Con armas pesadas los ladrones &#039;prefieren&#039; casas unifamiliares y viviendas donde viven ancianos\" \/>\n<meta name=\"robots\" content=\"index, follow, max-snippet:-1, max-image-preview:large, max-video-preview:-1\" \/>\n<link rel=\"canonical\" href=\"https:\/\/viometaloumin.com\/es\/con-armas-pesadas-los-ladrones-prefieren-casas-unifamiliares-y-viviendas-donde-viven-ancianos\/\" \/>\n<meta property=\"og:locale\" content=\"en_US\" \/>\n<meta property=\"og:type\" content=\"article\" \/>\n<meta property=\"og:title\" content=\"Con armas pesadas los ladrones &#039;prefieren&#039; casas unifamiliares y viviendas donde viven ancianos - VIOMETALOUMIN | puertas plegables de seguridad\" \/>\n<meta property=\"og:description\" content=\"Con armas pesadas los ladrones &#039;prefieren&#039; casas unifamiliares y viviendas donde viven ancianos\" \/>\n<meta property=\"og:url\" content=\"https:\/\/viometaloumin.com\/es\/con-armas-pesadas-los-ladrones-prefieren-casas-unifamiliares-y-viviendas-donde-viven-ancianos\/\" \/>\n<meta property=\"og:site_name\" content=\"VIOMETALOUMIN | puertas plegables de seguridad\" \/>\n<meta property=\"article:publisher\" content=\"https:\/\/www.facebook.com\/Viometaloumin\" \/>\n<meta property=\"article:modified_time\" content=\"2017-08-15T14:34:22+00:00\" \/>\n<meta property=\"og:image\" content=\"http:\/\/viometaloumin.gr\/wp-content\/uploads\/2016\/06\/2.jpg\" \/>\n<meta name=\"twitter:card\" content=\"summary_large_image\" \/>\n<meta name=\"twitter:site\" content=\"@viometaloumin\" \/>\n<meta name=\"twitter:label1\" content=\"Est. reading time\" \/>\n\t<meta name=\"twitter:data1\" content=\"3 minutes\" \/>\n<script type=\"application\/ld+json\" class=\"yoast-schema-graph\">{\"@context\":\"https:\\\/\\\/schema.org\",\"@graph\":[{\"@type\":\"WebPage\",\"@id\":\"https:\\\/\\\/viometaloumin.com\\\/es\\\/con-armas-pesadas-los-ladrones-prefieren-casas-unifamiliares-y-viviendas-donde-viven-ancianos\\\/\",\"url\":\"https:\\\/\\\/viometaloumin.com\\\/es\\\/con-armas-pesadas-los-ladrones-prefieren-casas-unifamiliares-y-viviendas-donde-viven-ancianos\\\/\",\"name\":\"Con armas pesadas los ladrones 'prefieren' casas unifamiliares y viviendas donde viven ancianos - VIOMETALOUMIN | puertas plegables de seguridad\",\"isPartOf\":{\"@id\":\"https:\\\/\\\/viometaloumin.com\\\/es\\\/#website\"},\"primaryImageOfPage\":{\"@id\":\"https:\\\/\\\/viometaloumin.com\\\/es\\\/con-armas-pesadas-los-ladrones-prefieren-casas-unifamiliares-y-viviendas-donde-viven-ancianos\\\/#primaryimage\"},\"image\":{\"@id\":\"https:\\\/\\\/viometaloumin.com\\\/es\\\/con-armas-pesadas-los-ladrones-prefieren-casas-unifamiliares-y-viviendas-donde-viven-ancianos\\\/#primaryimage\"},\"thumbnailUrl\":\"http:\\\/\\\/viometaloumin.gr\\\/wp-content\\\/uploads\\\/2016\\\/06\\\/2.jpg\",\"datePublished\":\"2016-04-11T14:00:47+00:00\",\"dateModified\":\"2017-08-15T14:34:22+00:00\",\"description\":\"Con armas pesadas los ladrones 'prefieren' casas unifamiliares y viviendas donde viven ancianos\",\"breadcrumb\":{\"@id\":\"https:\\\/\\\/viometaloumin.com\\\/es\\\/con-armas-pesadas-los-ladrones-prefieren-casas-unifamiliares-y-viviendas-donde-viven-ancianos\\\/#breadcrumb\"},\"inLanguage\":\"en-US\",\"potentialAction\":[{\"@type\":\"ReadAction\",\"target\":[\"https:\\\/\\\/viometaloumin.com\\\/es\\\/con-armas-pesadas-los-ladrones-prefieren-casas-unifamiliares-y-viviendas-donde-viven-ancianos\\\/\"]}]},{\"@type\":\"ImageObject\",\"inLanguage\":\"en-US\",\"@id\":\"https:\\\/\\\/viometaloumin.com\\\/es\\\/con-armas-pesadas-los-ladrones-prefieren-casas-unifamiliares-y-viviendas-donde-viven-ancianos\\\/#primaryimage\",\"url\":\"http:\\\/\\\/viometaloumin.gr\\\/wp-content\\\/uploads\\\/2016\\\/06\\\/2.jpg\",\"contentUrl\":\"http:\\\/\\\/viometaloumin.gr\\\/wp-content\\\/uploads\\\/2016\\\/06\\\/2.jpg\"},{\"@type\":\"BreadcrumbList\",\"@id\":\"https:\\\/\\\/viometaloumin.com\\\/es\\\/con-armas-pesadas-los-ladrones-prefieren-casas-unifamiliares-y-viviendas-donde-viven-ancianos\\\/#breadcrumb\",\"itemListElement\":[{\"@type\":\"ListItem\",\"position\":1,\"name\":\"Home\",\"item\":\"https:\\\/\\\/viometaloumin.com\\\/es\\\/\"},{\"@type\":\"ListItem\",\"position\":2,\"name\":\"Con armas pesadas los ladrones &#8216;prefieren&#8217; casas unifamiliares y viviendas donde viven ancianos\"}]},{\"@type\":\"WebSite\",\"@id\":\"https:\\\/\\\/viometaloumin.com\\\/es\\\/#website\",\"url\":\"https:\\\/\\\/viometaloumin.com\\\/es\\\/\",\"name\":\"VIOMETALOUMIN | puertas plegables de seguridad\",\"description\":\"bares seguridad, ballestas plegables de tijera, barras de seguridad, persianas de seguridad, puertas de seguridad y bares para todos los espacios, puertas de seguridad retr\u00e1ctiles\",\"publisher\":{\"@id\":\"https:\\\/\\\/viometaloumin.com\\\/es\\\/#organization\"},\"potentialAction\":[{\"@type\":\"SearchAction\",\"target\":{\"@type\":\"EntryPoint\",\"urlTemplate\":\"https:\\\/\\\/viometaloumin.com\\\/es\\\/?s={search_term_string}\"},\"query-input\":{\"@type\":\"PropertyValueSpecification\",\"valueRequired\":true,\"valueName\":\"search_term_string\"}}],\"inLanguage\":\"en-US\"},{\"@type\":\"Organization\",\"@id\":\"https:\\\/\\\/viometaloumin.com\\\/es\\\/#organization\",\"name\":\"Viometaloumin\",\"url\":\"https:\\\/\\\/viometaloumin.com\\\/es\\\/\",\"logo\":{\"@type\":\"ImageObject\",\"inLanguage\":\"en-US\",\"@id\":\"https:\\\/\\\/viometaloumin.com\\\/es\\\/#\\\/schema\\\/logo\\\/image\\\/\",\"url\":\"https:\\\/\\\/viometaloumin.com\\\/es\\\/wp-content\\\/uploads\\\/2012\\\/11\\\/LOGO_ES.jpg\",\"contentUrl\":\"https:\\\/\\\/viometaloumin.com\\\/es\\\/wp-content\\\/uploads\\\/2012\\\/11\\\/LOGO_ES.jpg\",\"width\":480,\"height\":90,\"caption\":\"Viometaloumin\"},\"image\":{\"@id\":\"https:\\\/\\\/viometaloumin.com\\\/es\\\/#\\\/schema\\\/logo\\\/image\\\/\"},\"sameAs\":[\"https:\\\/\\\/www.facebook.com\\\/Viometaloumin\",\"https:\\\/\\\/x.com\\\/viometaloumin\",\"https:\\\/\\\/www.linkedin.com\\\/company\\\/1754251\",\"https:\\\/\\\/www.youtube.com\\\/user\\\/viometaloumin\"]}]}<\/script>\n<!-- \/ Yoast SEO plugin. -->","yoast_head_json":{"title":"Con armas pesadas los ladrones 'prefieren' casas unifamiliares y viviendas donde viven ancianos - VIOMETALOUMIN | puertas plegables de seguridad","description":"Con armas pesadas los ladrones 'prefieren' casas unifamiliares y viviendas donde viven ancianos","robots":{"index":"index","follow":"follow","max-snippet":"max-snippet:-1","max-image-preview":"max-image-preview:large","max-video-preview":"max-video-preview:-1"},"canonical":"https:\/\/viometaloumin.com\/es\/con-armas-pesadas-los-ladrones-prefieren-casas-unifamiliares-y-viviendas-donde-viven-ancianos\/","og_locale":"en_US","og_type":"article","og_title":"Con armas pesadas los ladrones 'prefieren' casas unifamiliares y viviendas donde viven ancianos - VIOMETALOUMIN | puertas plegables de seguridad","og_description":"Con armas pesadas los ladrones 'prefieren' casas unifamiliares y viviendas donde viven ancianos","og_url":"https:\/\/viometaloumin.com\/es\/con-armas-pesadas-los-ladrones-prefieren-casas-unifamiliares-y-viviendas-donde-viven-ancianos\/","og_site_name":"VIOMETALOUMIN | puertas plegables de seguridad","article_publisher":"https:\/\/www.facebook.com\/Viometaloumin","article_modified_time":"2017-08-15T14:34:22+00:00","og_image":[{"url":"http:\/\/viometaloumin.gr\/wp-content\/uploads\/2016\/06\/2.jpg","type":"","width":"","height":""}],"twitter_card":"summary_large_image","twitter_site":"@viometaloumin","twitter_misc":{"Est. reading time":"3 minutes"},"schema":{"@context":"https:\/\/schema.org","@graph":[{"@type":"WebPage","@id":"https:\/\/viometaloumin.com\/es\/con-armas-pesadas-los-ladrones-prefieren-casas-unifamiliares-y-viviendas-donde-viven-ancianos\/","url":"https:\/\/viometaloumin.com\/es\/con-armas-pesadas-los-ladrones-prefieren-casas-unifamiliares-y-viviendas-donde-viven-ancianos\/","name":"Con armas pesadas los ladrones 'prefieren' casas unifamiliares y viviendas donde viven ancianos - VIOMETALOUMIN | puertas plegables de seguridad","isPartOf":{"@id":"https:\/\/viometaloumin.com\/es\/#website"},"primaryImageOfPage":{"@id":"https:\/\/viometaloumin.com\/es\/con-armas-pesadas-los-ladrones-prefieren-casas-unifamiliares-y-viviendas-donde-viven-ancianos\/#primaryimage"},"image":{"@id":"https:\/\/viometaloumin.com\/es\/con-armas-pesadas-los-ladrones-prefieren-casas-unifamiliares-y-viviendas-donde-viven-ancianos\/#primaryimage"},"thumbnailUrl":"http:\/\/viometaloumin.gr\/wp-content\/uploads\/2016\/06\/2.jpg","datePublished":"2016-04-11T14:00:47+00:00","dateModified":"2017-08-15T14:34:22+00:00","description":"Con armas pesadas los ladrones 'prefieren' casas unifamiliares y viviendas donde viven ancianos","breadcrumb":{"@id":"https:\/\/viometaloumin.com\/es\/con-armas-pesadas-los-ladrones-prefieren-casas-unifamiliares-y-viviendas-donde-viven-ancianos\/#breadcrumb"},"inLanguage":"en-US","potentialAction":[{"@type":"ReadAction","target":["https:\/\/viometaloumin.com\/es\/con-armas-pesadas-los-ladrones-prefieren-casas-unifamiliares-y-viviendas-donde-viven-ancianos\/"]}]},{"@type":"ImageObject","inLanguage":"en-US","@id":"https:\/\/viometaloumin.com\/es\/con-armas-pesadas-los-ladrones-prefieren-casas-unifamiliares-y-viviendas-donde-viven-ancianos\/#primaryimage","url":"http:\/\/viometaloumin.gr\/wp-content\/uploads\/2016\/06\/2.jpg","contentUrl":"http:\/\/viometaloumin.gr\/wp-content\/uploads\/2016\/06\/2.jpg"},{"@type":"BreadcrumbList","@id":"https:\/\/viometaloumin.com\/es\/con-armas-pesadas-los-ladrones-prefieren-casas-unifamiliares-y-viviendas-donde-viven-ancianos\/#breadcrumb","itemListElement":[{"@type":"ListItem","position":1,"name":"Home","item":"https:\/\/viometaloumin.com\/es\/"},{"@type":"ListItem","position":2,"name":"Con armas pesadas los ladrones &#8216;prefieren&#8217; casas unifamiliares y viviendas donde viven ancianos"}]},{"@type":"WebSite","@id":"https:\/\/viometaloumin.com\/es\/#website","url":"https:\/\/viometaloumin.com\/es\/","name":"VIOMETALOUMIN | puertas plegables de seguridad","description":"bares seguridad, ballestas plegables de tijera, barras de seguridad, persianas de seguridad, puertas de seguridad y bares para todos los espacios, puertas de seguridad retr\u00e1ctiles","publisher":{"@id":"https:\/\/viometaloumin.com\/es\/#organization"},"potentialAction":[{"@type":"SearchAction","target":{"@type":"EntryPoint","urlTemplate":"https:\/\/viometaloumin.com\/es\/?s={search_term_string}"},"query-input":{"@type":"PropertyValueSpecification","valueRequired":true,"valueName":"search_term_string"}}],"inLanguage":"en-US"},{"@type":"Organization","@id":"https:\/\/viometaloumin.com\/es\/#organization","name":"Viometaloumin","url":"https:\/\/viometaloumin.com\/es\/","logo":{"@type":"ImageObject","inLanguage":"en-US","@id":"https:\/\/viometaloumin.com\/es\/#\/schema\/logo\/image\/","url":"https:\/\/viometaloumin.com\/es\/wp-content\/uploads\/2012\/11\/LOGO_ES.jpg","contentUrl":"https:\/\/viometaloumin.com\/es\/wp-content\/uploads\/2012\/11\/LOGO_ES.jpg","width":480,"height":90,"caption":"Viometaloumin"},"image":{"@id":"https:\/\/viometaloumin.com\/es\/#\/schema\/logo\/image\/"},"sameAs":["https:\/\/www.facebook.com\/Viometaloumin","https:\/\/x.com\/viometaloumin","https:\/\/www.linkedin.com\/company\/1754251","https:\/\/www.youtube.com\/user\/viometaloumin"]}]}},"_links":{"self":[{"href":"https:\/\/viometaloumin.com\/es\/wp-json\/wp\/v2\/pages\/3272","targetHints":{"allow":["GET"]}}],"collection":[{"href":"https:\/\/viometaloumin.com\/es\/wp-json\/wp\/v2\/pages"}],"about":[{"href":"https:\/\/viometaloumin.com\/es\/wp-json\/wp\/v2\/types\/page"}],"author":[{"embeddable":true,"href":"https:\/\/viometaloumin.com\/es\/wp-json\/wp\/v2\/users\/1"}],"replies":[{"embeddable":true,"href":"https:\/\/viometaloumin.com\/es\/wp-json\/wp\/v2\/comments?post=3272"}],"version-history":[{"count":14,"href":"https:\/\/viometaloumin.com\/es\/wp-json\/wp\/v2\/pages\/3272\/revisions"}],"predecessor-version":[{"id":4108,"href":"https:\/\/viometaloumin.com\/es\/wp-json\/wp\/v2\/pages\/3272\/revisions\/4108"}],"wp:attachment":[{"href":"https:\/\/viometaloumin.com\/es\/wp-json\/wp\/v2\/media?parent=3272"}],"curies":[{"name":"wp","href":"https:\/\/api.w.org\/{rel}","templated":true}]}}