{"id":3592,"date":"2016-05-30T20:07:06","date_gmt":"2016-05-30T17:07:06","guid":{"rendered":"http:\/\/viometaloumin.com\/es\/?page_id=3592"},"modified":"2024-07-06T16:57:29","modified_gmt":"2024-07-06T13:57:29","slug":"barras-de-seguridad-removibles-fijo-con-certificado-de-antirrobo-tipo-82","status":"publish","type":"page","link":"https:\/\/viometaloumin.com\/es\/productos-de-viometaloumin\/barras-de-seguridad\/barras-de-seguridad-removibles-fijo-con-certificado-de-antirrobo-tipo-82\/","title":{"rendered":"Barras de seguridad removibles fijo con certificado de antirrobo TIPO-82"},"content":{"rendered":"<div id=\"metaslider-id-4265\" style=\"max-width: 942px;\" class=\"ml-slider-3-108-0 metaslider metaslider-responsive metaslider-4265 ml-slider has-dots-nav ms-theme-default\" role=\"region\" aria-label=\"T-82\" data-height=\"525\" data-width=\"942\">\n<div id=\"metaslider_container_4265\">\n<ul id='metaslider_4265' class='rslides'>\n<li aria-roledescription='slide' aria-labelledby='slide-0'><img loading=\"lazy\" decoding=\"async\" src=\"https:\/\/viometaloumin.com\/es\/wp-content\/uploads\/2017\/11\/slide_t82_22222-936x522.jpg\" height=\"525\" width=\"942\" alt=\"\" class=\"slider-4265 slide-4267 msDefaultImage\" \/><\/li>\n<li style='display: none;' aria-roledescription='slide' aria-labelledby='slide-1'><img loading=\"lazy\" decoding=\"async\" src=\"https:\/\/viometaloumin.com\/es\/wp-content\/uploads\/2017\/11\/slide_t82_44444-936x522.jpg\" height=\"525\" width=\"942\" alt=\"\" class=\"slider-4265 slide-4269 msDefaultImage\" \/><\/li>\n<li style='display: none;' aria-roledescription='slide' aria-labelledby='slide-2'><img loading=\"lazy\" decoding=\"async\" src=\"https:\/\/viometaloumin.com\/es\/wp-content\/uploads\/2017\/11\/Slider_T72_111-936x522.jpg\" height=\"525\" width=\"942\" alt=\"\" class=\"slider-4265 slide-4271 msDefaultImage\" \/><\/li>\n<li style='display: none;' aria-roledescription='slide' aria-labelledby='slide-3'><img loading=\"lazy\" decoding=\"async\" src=\"https:\/\/viometaloumin.com\/es\/wp-content\/uploads\/2017\/11\/slide_t82_22222-1-936x522.jpg\" height=\"525\" width=\"942\" alt=\"\" class=\"slider-4265 slide-4273 msDefaultImage\" \/><\/li>\n<\/ul><\/div>\n<\/div>\n<h2>Barras de seguridad removibles fijo con certificado de antirrobo TIPO-82<\/h2>\n<div class=\"two_third\">\n<div class=\"title\">\n<h2>Informaci\u00f3n del product.<\/h2>\n<\/div>\n<h5 class=\"toggle \"><a href=\"#\"><span class=\"arrow\"><\/span>Descripci\u00f3n<\/a><\/h5>\n<div class=\"toggle-content \" style=\"\">\nSeguridad total y absoluta con altos est\u00e1ndares de calidad. Las barras de seguridad con cerradura tipo T-82 consiguen un blindaje elegante y discreto, protegiendo contra robos. Las barras tipo T-82 llevan certificados de anticorrosi\u00f3n y antirrobo, mientras que se fabrican de materiales que tienen los m\u00e1s altos est\u00e1ndares de calidad y certificaci\u00f3n. Su dise\u00f1o y desarrollo incluye acero endurecido de refuerzo interno de \u03a620mm, con el resultado que no se pueden cortar con una sierra para metales. Se quitan con gran facilidad, liberando as\u00ed toda la abertura de la ventana, como tambi\u00e9n son la soluci\u00f3n ideal para reforzar las ventanas que no tienen persianas o que tienen contraventanas, o persianas, pero necesitan un refuerzo para mayor seguridad. Barras de seguridad se instalan directamente en la pared o incluso en el mismo marco de la ventana.<\/div>\n<h5 class=\"toggle \"><a href=\"#\"><span class=\"arrow\"><\/span>Caracter\u00edsticas T\u00e9cnicas<\/a><\/h5>\n<div class=\"toggle-content \" style=\"\">\n1. Las secciones laterales son perfiles de aluminio rectangulares de 44 x 50 mm.<br \/>\n2. Hoja de 2 mm de acero muy reforzado el lado frontal interior del perfil.<br \/>\n3. Mecanismo de metal que bloquea las paredes laterales.<br \/>\n4. Configuraci\u00f3n ondulada especial, al lado interior trasero del perfil, lo que impide la extracci\u00f3n de la fijaci\u00f3n y con refuerzo de perfil por acero reforzado (27mm X 40 mm X 27mm).<br \/>\n5. Aros de pl\u00e1stico en el bastidor para proteger la coloraci\u00f3n de las barras antirrobo, durante su instalaci\u00f3n y en adelante.<br \/>\n6. Tubo de aluminio de 26 mm de di\u00e1metro y 2 mm de grosor.<br \/>\n7. Acero macizo muy reforzado de \u03a620 con tratamiento de endurecimiento muy alto de 65 HRC, colocado dentro del tubo y que hace que sea imposible cortarse por una sierra para metales.<br \/>\n8. Cerradura de la casa ABLOY con certificado de antirrobo.<\/p>\n<\/div>\n<h5 class=\"toggle \"><a href=\"#\"><span class=\"arrow\"><\/span>Instrucciones de instalaci\u00f3n<\/a><\/h5>\n<div class=\"toggle-content \" style=\"\">Para colocar las barras:<br \/>\n1. Colocamos las barras empujando cada barra por separado, al lado opuesto del marco, que tiene el mecanismo de bloqueo, por lo que la barra sobresalga del marco. Este procedimiento se sigue para todas las barras.<br \/>\n2. Colocamos la llave de seguridad de la casa ABLOY, con certificado antirrobo, a la ranura del marco y lo giramos 180 grados, con el fin de bloquear las barras y que no se muevan.<br \/>\nPara quitar las barras:<br \/>\n1. Introducimos la llave de seguridad en la ranura del marco y la giramos 180 grados, en direcci\u00f3n opuesta a cerrar, cuando las bloqueamos, ahora para desbloquear las barras.<br \/>\n2. Quitamos las barras empujando cada barra por separado, hacia el marco, que no tiene un mecanismo de bloqueo, con el resultado a que la barra sobresalga del marco opuesto. Este procedimiento se sigue para todas las barras.<br \/>\nPor \u00faltimo, existe la posibilidad de que alguien quite solamente una barra concreta y que deje y bloquee todas las dem\u00e1s. Un ejemplo de este uso:<br \/>\nVentanilla de una caja o en una cantina.\n<\/div>\n<h5 class=\"toggle \"><a href=\"#\"><span class=\"arrow\"><\/span>Pautas de mantenimiento<\/a><\/h5>\n<div class=\"toggle-content \" style=\"\">Productos VIOMETALOUMIN plegables necesitan ser limpiados regularmente y sus partes m\u00f3viles deben ser lubricados con aceite en aerosol dos veces al a\u00f1o.<br \/>\nPara limpiarlos, use:<br \/>\n1. Cepillo con cerdas suaves que limpiar el polvo de la superficie.<br \/>\n2. Soluci\u00f3n de agua y jab\u00f3n suave, un pa\u00f1o con el que lavar todas las superficies a fondo para eliminar la suciedad, los contaminantes del aire y las part\u00edculas que se han adjuntado a las superficies met\u00e1licas. El proceso debe repetirse 2-3 veces al a\u00f1o.<br \/>\n3. Lubricar dos veces al a\u00f1o que las ruedas giren, bloqueo y todas las partes m\u00f3viles de la trama.<br \/>\n4. En las zonas costeras los sistemas requieren una limpieza frecuente y la lubricaci\u00f3n 5-6 veces al a\u00f1o.<\/div>\n<div class=\"title\">\n<h2>Las fotos con las barreras de seguridad fijos \u2013 \u03a482 (Usa el rat\u00f3n para agrandar)<\/h2>\n<\/div>\n<p><a href=\"http:\/\/viometaloumin.gr\/wp-content\/uploads\/2016\/05\/T82_11.jpg\"><img loading=\"lazy\" decoding=\"async\" class=\"alignleft size-thumbnail wp-image-3896\" src=\"http:\/\/viometaloumin.gr\/wp-content\/uploads\/2016\/05\/T82_11-150x150.jpg\" alt=\"T82_11\" width=\"150\" height=\"150\" \/><\/a><a href=\"http:\/\/viometaloumin.gr\/wp-content\/uploads\/2016\/05\/T82_22.jpg\"><img loading=\"lazy\" decoding=\"async\" class=\"alignleft size-thumbnail wp-image-3897\" src=\"http:\/\/viometaloumin.gr\/wp-content\/uploads\/2016\/05\/T82_22-150x150.jpg\" alt=\"T82_22\" width=\"150\" height=\"150\" \/><\/a><\/p>\n<\/div>\n<div class=\"one_third last\">\n<div class=\"title\">\n<h2>VIOMETALOUMIN Sistemas anal\u00edticamente.<\/h2>\n<\/div>\n<ul class=\"arrow\">\n<li><a href=\"http:\/\/viometaloumin.com\/es\/productos\/plegable-seguridad-con-acero-inoxidable-y-recubrimiento-de-aluminio\/\">Plegable acero inoxidable aluminio con recubrimiento TIPO-120 seguridad<\/a><\/li>\n<li><a href=\"http:\/\/viometaloumin.com\/es\/productos\/seguridad-plegable-de-acero-galvanizado-aluminio-recubierto\/\"> Seguridad plegable de acero galvanizado aluminio recubierto- \u03a4IPO 100<\/a><\/li>\n<li><a href=\"http:\/\/viometaloumin.com\/es\/productos\/seguridad-plegable-con-hojas-doble-de-acero\/\"> Seguridad plegable con hojas doble de acero TIPO-90<\/a><\/li>\n<li><a href=\"http:\/\/viometaloumin.com\/es\/productos-de-viometaloumin\/barras-de-seguridad\/barras-de-seguridad-removibles-fijo-con-certificado-de-antirrobo-tipo-82\/\">Barras de seguridad removibles fijas con certificado de antirrobo TIPO-82<\/a><\/li>\n<li><a href=\"http:\/\/viometaloumin.com\/es\/productos\/barras-de-seguridad-removibles\/\">Barras de seguridad removibles TIPO-80 <\/a><\/li>\n<li><a href=\"http:\/\/viometaloumin.com\/es\/productos-de-viometaloumin\/barras-de-seguridad\/barras-de-seguridad-fijo-con-certificado-de-antirrobo-tipo-72\/\">Barras de seguridad fijas con certificado de antirrobo _TIPO-72<\/a><\/li>\n<li><a href=\"http:\/\/viometaloumin.com\/es\/productos\/barras-de-seguridad-fijo\/\">Barras de seguridad fijas_TIPO-70<\/a><\/li>\n<li><a href=\"http:\/\/viometaloumin.com\/es\/productos\/barras-de-seguridad-para-la-entrada-principal\/\">Barras de seguridad para la entrada principal TIPO-60<\/a><\/li>\n<li><a href=\"http:\/\/viometaloumin.com\/es\/productos\/persianas-de-seguridad\/\">Persianas de seguridad TIPO-110<\/a><\/li>\n<\/ul>\n<\/div>\n<div class=\"clearboth\"><\/div>\n<div class=\"one_half\">\n<div class=\"title\">\n<h2>Prueba de cortar la barra ( \u03a4ipo-72 y \u03a4ipo-82 ) con una sierra para metales.<\/h2>\n<\/div>\n<div class=\"flexslider\">\n<ul class=\"slides\">\n<li class=\"video\"><iframe loading=\"lazy\" src=\"https:\/\/www.youtube.com\/embed\/videoseries?list=PLG2fIC9r-2HPCqqKcI55gS6aR14N_I0FF\" width=\"640\" height=\"360\" frameborder=\"0\" allowfullscreen=\"allowfullscreen\"><\/iframe><\/li>\n<\/ul>\n<\/div>\n<\/div>\n<div class=\"one_half last\">\n<div class=\"title\">\n<h2>El poner la barra de seguridad ( \u03a4ipo-72 y \u03a4ipo-82 ) .<\/h2>\n<\/div>\n<div class=\"flexslider\">\n<ul class=\"slides\">\n<li class=\"video\"><iframe loading=\"lazy\" src=\"https:\/\/www.youtube.com\/embed\/m41VK46ksa4\" width=\"640\" height=\"360\" frameborder=\"0\" allowfullscreen=\"allowfullscreen\"><\/iframe><\/li>\n<\/ul>\n<\/div>\n<\/div>\n<div class=\"clearboth\"><\/div>\n<div class=\"one_half\">\n<div class=\"title\">\n<h2>\u00bfPor qu\u00e9 elegir VIOMETALOUMIN?<\/h2>\n<\/div>\n<ul class=\"arrow\">\n<li>Debido a que nuestros sistemas son \u00fanicos y patentados.<\/li>\n<li>Porque ofrecemos 3 a\u00f1os de garant\u00eda.<\/li>\n<li>Porque ofrecemos el valor m\u00e1s alto al m\u00e1s bajo costo.<\/li>\n<li>Dado que las instalaciones de nuestros sistemas se realizan por t\u00e9cnicos experimentados.<\/li>\n<li>Porque ofrecemos constante Despu\u00e9s de Soporte T\u00e9cnico de Ventas y Servicio al Cliente.<\/li>\n<\/ul>\n<div class=\"title\">\n<h2>Certificaciones<\/h2>\n<\/div>\n<p><a href=\"https:\/\/viometaloumin.com\/es\/wp-content\/uploads\/2020\/11\/Viometaloumin-Certificate-ISO-9001-2015.pdf\"><img loading=\"lazy\" decoding=\"async\" class=\"alignleft size-full wp-image-3948\" src=\"https:\/\/viometaloumin.com\/es\/wp-content\/uploads\/2020\/11\/TUV_9001_2015_150.jpg\" alt=\"Viometaloumin Certifications\" width=\"150\" height=\"131\" \/><\/a><\/p>\n<p><a href=\"https:\/\/viometaloumin.com\/es\/certificados-de-viometaloumin\"><img loading=\"lazy\" decoding=\"async\" class=\"alignleft size-full wp-image-3977\" src=\"https:\/\/viometaloumin.com\/es\/wp-content\/uploads\/2020\/11\/Giordano.jpg\" alt=\"Viometaloumin Certifications\" width=\"270\" height=\"64\" \/><\/a><\/p>\n<p><a href=\"https:\/\/viometaloumin.com\/es\/certificados-de-viometaloumin\/\"><img loading=\"lazy\" decoding=\"async\" class=\"alignleft size-full wp-image-3977\" src=\"https:\/\/viometaloumin.com\/es\/wp-content\/uploads\/2020\/11\/OBI.jpg\" alt=\"Viometaloumin Certifications\" width=\"270\" height=\"64\" \/><\/a><\/p>\n<div class=\"title\">\n<h2>Sistemas de seguridad Viometaloumin<\/h2>\n<\/div>\n<p><a href=\"http:\/\/viometaloumin.gr\/wp-content\/uploads\/2016\/05\/13226692_1023842417652871_5278476155563571605_n.jpg\"><img loading=\"lazy\" decoding=\"async\" class=\"alignleft size-full wp-image-4015\" src=\"http:\/\/viometaloumin.gr\/wp-content\/uploads\/2016\/05\/13226692_1023842417652871_5278476155563571605_n.jpg\" alt=\"13226692_1023842417652871_5278476155563571605_n\" width=\"110\" height=\"110\" \/><\/a><strong> Desde 1963 Viometaloumin se especializa en la fabricaci\u00f3n de sistemas de seguridad de calidad superior para cada espacio.<\/strong><\/p>\n<\/div>\n<div class=\"one_half last\">\n<div class=\"title\">\n<h2><\/h2>\n<\/div>\n<\/div>\n<div class=\"clearboth\"><\/div>\n","protected":false},"excerpt":{"rendered":"<p>Barras de seguridad removibles fijo con certificado de antirrobo TIPO-82<\/p>\n","protected":false},"author":1,"featured_media":0,"parent":2698,"menu_order":0,"comment_status":"closed","ping_status":"closed","template":"full-width.php","meta":{"footnotes":""},"class_list":["post-3592","page","type-page","status-publish","hentry"],"yoast_head":"<!-- This site is optimized with the Yoast SEO plugin v27.4 - https:\/\/yoast.com\/product\/yoast-seo-wordpress\/ -->\n<title>Barras de seguridad removibles fijo con certificado de antirrobo TIPO-82 - VIOMETALOUMIN | puertas plegables de seguridad<\/title>\n<meta name=\"description\" content=\"Barras de seguridad removibles fijo con certificado de antirrobo TIPO-82\" \/>\n<meta name=\"robots\" content=\"index, follow, max-snippet:-1, max-image-preview:large, max-video-preview:-1\" \/>\n<link rel=\"canonical\" href=\"https:\/\/viometaloumin.com\/es\/productos-de-viometaloumin\/barras-de-seguridad\/barras-de-seguridad-removibles-fijo-con-certificado-de-antirrobo-tipo-82\/\" \/>\n<meta property=\"og:locale\" content=\"en_US\" \/>\n<meta property=\"og:type\" content=\"article\" \/>\n<meta property=\"og:title\" content=\"Barras de seguridad removibles fijo con certificado de antirrobo TIPO-82 - VIOMETALOUMIN | puertas plegables de seguridad\" \/>\n<meta property=\"og:description\" content=\"Barras de seguridad removibles fijo con certificado de antirrobo TIPO-82\" \/>\n<meta property=\"og:url\" content=\"https:\/\/viometaloumin.com\/es\/productos-de-viometaloumin\/barras-de-seguridad\/barras-de-seguridad-removibles-fijo-con-certificado-de-antirrobo-tipo-82\/\" \/>\n<meta property=\"og:site_name\" content=\"VIOMETALOUMIN | puertas plegables de seguridad\" \/>\n<meta property=\"article:publisher\" content=\"https:\/\/www.facebook.com\/Viometaloumin\" \/>\n<meta property=\"article:modified_time\" content=\"2024-07-06T13:57:29+00:00\" \/>\n<meta property=\"og:image\" content=\"http:\/\/viometaloumin.gr\/wp-content\/uploads\/2016\/05\/T82_11-150x150.jpg\" \/>\n<meta name=\"twitter:card\" content=\"summary_large_image\" \/>\n<meta name=\"twitter:site\" content=\"@viometaloumin\" \/>\n<meta name=\"twitter:label1\" content=\"Est. reading time\" \/>\n\t<meta name=\"twitter:data1\" content=\"5 minutes\" \/>\n<script type=\"application\/ld+json\" class=\"yoast-schema-graph\">{\"@context\":\"https:\\\/\\\/schema.org\",\"@graph\":[{\"@type\":\"WebPage\",\"@id\":\"https:\\\/\\\/viometaloumin.com\\\/es\\\/productos-de-viometaloumin\\\/barras-de-seguridad\\\/barras-de-seguridad-removibles-fijo-con-certificado-de-antirrobo-tipo-82\\\/\",\"url\":\"https:\\\/\\\/viometaloumin.com\\\/es\\\/productos-de-viometaloumin\\\/barras-de-seguridad\\\/barras-de-seguridad-removibles-fijo-con-certificado-de-antirrobo-tipo-82\\\/\",\"name\":\"Barras de seguridad removibles fijo con certificado de antirrobo TIPO-82 - VIOMETALOUMIN | puertas plegables de seguridad\",\"isPartOf\":{\"@id\":\"https:\\\/\\\/viometaloumin.com\\\/es\\\/#website\"},\"primaryImageOfPage\":{\"@id\":\"https:\\\/\\\/viometaloumin.com\\\/es\\\/productos-de-viometaloumin\\\/barras-de-seguridad\\\/barras-de-seguridad-removibles-fijo-con-certificado-de-antirrobo-tipo-82\\\/#primaryimage\"},\"image\":{\"@id\":\"https:\\\/\\\/viometaloumin.com\\\/es\\\/productos-de-viometaloumin\\\/barras-de-seguridad\\\/barras-de-seguridad-removibles-fijo-con-certificado-de-antirrobo-tipo-82\\\/#primaryimage\"},\"thumbnailUrl\":\"http:\\\/\\\/viometaloumin.gr\\\/wp-content\\\/uploads\\\/2016\\\/05\\\/T82_11-150x150.jpg\",\"datePublished\":\"2016-05-30T17:07:06+00:00\",\"dateModified\":\"2024-07-06T13:57:29+00:00\",\"description\":\"Barras de seguridad removibles fijo con certificado de antirrobo TIPO-82\",\"breadcrumb\":{\"@id\":\"https:\\\/\\\/viometaloumin.com\\\/es\\\/productos-de-viometaloumin\\\/barras-de-seguridad\\\/barras-de-seguridad-removibles-fijo-con-certificado-de-antirrobo-tipo-82\\\/#breadcrumb\"},\"inLanguage\":\"en-US\",\"potentialAction\":[{\"@type\":\"ReadAction\",\"target\":[\"https:\\\/\\\/viometaloumin.com\\\/es\\\/productos-de-viometaloumin\\\/barras-de-seguridad\\\/barras-de-seguridad-removibles-fijo-con-certificado-de-antirrobo-tipo-82\\\/\"]}]},{\"@type\":\"ImageObject\",\"inLanguage\":\"en-US\",\"@id\":\"https:\\\/\\\/viometaloumin.com\\\/es\\\/productos-de-viometaloumin\\\/barras-de-seguridad\\\/barras-de-seguridad-removibles-fijo-con-certificado-de-antirrobo-tipo-82\\\/#primaryimage\",\"url\":\"http:\\\/\\\/viometaloumin.gr\\\/wp-content\\\/uploads\\\/2016\\\/05\\\/T82_11-150x150.jpg\",\"contentUrl\":\"http:\\\/\\\/viometaloumin.gr\\\/wp-content\\\/uploads\\\/2016\\\/05\\\/T82_11-150x150.jpg\"},{\"@type\":\"BreadcrumbList\",\"@id\":\"https:\\\/\\\/viometaloumin.com\\\/es\\\/productos-de-viometaloumin\\\/barras-de-seguridad\\\/barras-de-seguridad-removibles-fijo-con-certificado-de-antirrobo-tipo-82\\\/#breadcrumb\",\"itemListElement\":[{\"@type\":\"ListItem\",\"position\":1,\"name\":\"Home\",\"item\":\"https:\\\/\\\/viometaloumin.com\\\/es\\\/\"},{\"@type\":\"ListItem\",\"position\":2,\"name\":\"Productos de Viometaloumin\",\"item\":\"https:\\\/\\\/viometaloumin.com\\\/es\\\/productos-de-viometaloumin\\\/\"},{\"@type\":\"ListItem\",\"position\":3,\"name\":\"Barras de seguridad\",\"item\":\"https:\\\/\\\/viometaloumin.com\\\/es\\\/productos-de-viometaloumin\\\/barras-de-seguridad\\\/\"},{\"@type\":\"ListItem\",\"position\":4,\"name\":\"Barras de seguridad removibles fijo con certificado de antirrobo TIPO-82\"}]},{\"@type\":\"WebSite\",\"@id\":\"https:\\\/\\\/viometaloumin.com\\\/es\\\/#website\",\"url\":\"https:\\\/\\\/viometaloumin.com\\\/es\\\/\",\"name\":\"VIOMETALOUMIN | puertas plegables de seguridad\",\"description\":\"bares seguridad, ballestas plegables de tijera, barras de seguridad, persianas de seguridad, puertas de seguridad y bares para todos los espacios, puertas de seguridad retr\u00e1ctiles\",\"publisher\":{\"@id\":\"https:\\\/\\\/viometaloumin.com\\\/es\\\/#organization\"},\"potentialAction\":[{\"@type\":\"SearchAction\",\"target\":{\"@type\":\"EntryPoint\",\"urlTemplate\":\"https:\\\/\\\/viometaloumin.com\\\/es\\\/?s={search_term_string}\"},\"query-input\":{\"@type\":\"PropertyValueSpecification\",\"valueRequired\":true,\"valueName\":\"search_term_string\"}}],\"inLanguage\":\"en-US\"},{\"@type\":\"Organization\",\"@id\":\"https:\\\/\\\/viometaloumin.com\\\/es\\\/#organization\",\"name\":\"Viometaloumin\",\"url\":\"https:\\\/\\\/viometaloumin.com\\\/es\\\/\",\"logo\":{\"@type\":\"ImageObject\",\"inLanguage\":\"en-US\",\"@id\":\"https:\\\/\\\/viometaloumin.com\\\/es\\\/#\\\/schema\\\/logo\\\/image\\\/\",\"url\":\"https:\\\/\\\/viometaloumin.com\\\/es\\\/wp-content\\\/uploads\\\/2012\\\/11\\\/LOGO_ES.jpg\",\"contentUrl\":\"https:\\\/\\\/viometaloumin.com\\\/es\\\/wp-content\\\/uploads\\\/2012\\\/11\\\/LOGO_ES.jpg\",\"width\":480,\"height\":90,\"caption\":\"Viometaloumin\"},\"image\":{\"@id\":\"https:\\\/\\\/viometaloumin.com\\\/es\\\/#\\\/schema\\\/logo\\\/image\\\/\"},\"sameAs\":[\"https:\\\/\\\/www.facebook.com\\\/Viometaloumin\",\"https:\\\/\\\/x.com\\\/viometaloumin\",\"https:\\\/\\\/www.linkedin.com\\\/company\\\/1754251\",\"https:\\\/\\\/www.youtube.com\\\/user\\\/viometaloumin\"]}]}<\/script>\n<!-- \/ Yoast SEO plugin. -->","yoast_head_json":{"title":"Barras de seguridad removibles fijo con certificado de antirrobo TIPO-82 - VIOMETALOUMIN | puertas plegables de seguridad","description":"Barras de seguridad removibles fijo con certificado de antirrobo TIPO-82","robots":{"index":"index","follow":"follow","max-snippet":"max-snippet:-1","max-image-preview":"max-image-preview:large","max-video-preview":"max-video-preview:-1"},"canonical":"https:\/\/viometaloumin.com\/es\/productos-de-viometaloumin\/barras-de-seguridad\/barras-de-seguridad-removibles-fijo-con-certificado-de-antirrobo-tipo-82\/","og_locale":"en_US","og_type":"article","og_title":"Barras de seguridad removibles fijo con certificado de antirrobo TIPO-82 - VIOMETALOUMIN | puertas plegables de seguridad","og_description":"Barras de seguridad removibles fijo con certificado de antirrobo TIPO-82","og_url":"https:\/\/viometaloumin.com\/es\/productos-de-viometaloumin\/barras-de-seguridad\/barras-de-seguridad-removibles-fijo-con-certificado-de-antirrobo-tipo-82\/","og_site_name":"VIOMETALOUMIN | puertas plegables de seguridad","article_publisher":"https:\/\/www.facebook.com\/Viometaloumin","article_modified_time":"2024-07-06T13:57:29+00:00","og_image":[{"url":"http:\/\/viometaloumin.gr\/wp-content\/uploads\/2016\/05\/T82_11-150x150.jpg","type":"","width":"","height":""}],"twitter_card":"summary_large_image","twitter_site":"@viometaloumin","twitter_misc":{"Est. reading time":"5 minutes"},"schema":{"@context":"https:\/\/schema.org","@graph":[{"@type":"WebPage","@id":"https:\/\/viometaloumin.com\/es\/productos-de-viometaloumin\/barras-de-seguridad\/barras-de-seguridad-removibles-fijo-con-certificado-de-antirrobo-tipo-82\/","url":"https:\/\/viometaloumin.com\/es\/productos-de-viometaloumin\/barras-de-seguridad\/barras-de-seguridad-removibles-fijo-con-certificado-de-antirrobo-tipo-82\/","name":"Barras de seguridad removibles fijo con certificado de antirrobo TIPO-82 - VIOMETALOUMIN | puertas plegables de seguridad","isPartOf":{"@id":"https:\/\/viometaloumin.com\/es\/#website"},"primaryImageOfPage":{"@id":"https:\/\/viometaloumin.com\/es\/productos-de-viometaloumin\/barras-de-seguridad\/barras-de-seguridad-removibles-fijo-con-certificado-de-antirrobo-tipo-82\/#primaryimage"},"image":{"@id":"https:\/\/viometaloumin.com\/es\/productos-de-viometaloumin\/barras-de-seguridad\/barras-de-seguridad-removibles-fijo-con-certificado-de-antirrobo-tipo-82\/#primaryimage"},"thumbnailUrl":"http:\/\/viometaloumin.gr\/wp-content\/uploads\/2016\/05\/T82_11-150x150.jpg","datePublished":"2016-05-30T17:07:06+00:00","dateModified":"2024-07-06T13:57:29+00:00","description":"Barras de seguridad removibles fijo con certificado de antirrobo TIPO-82","breadcrumb":{"@id":"https:\/\/viometaloumin.com\/es\/productos-de-viometaloumin\/barras-de-seguridad\/barras-de-seguridad-removibles-fijo-con-certificado-de-antirrobo-tipo-82\/#breadcrumb"},"inLanguage":"en-US","potentialAction":[{"@type":"ReadAction","target":["https:\/\/viometaloumin.com\/es\/productos-de-viometaloumin\/barras-de-seguridad\/barras-de-seguridad-removibles-fijo-con-certificado-de-antirrobo-tipo-82\/"]}]},{"@type":"ImageObject","inLanguage":"en-US","@id":"https:\/\/viometaloumin.com\/es\/productos-de-viometaloumin\/barras-de-seguridad\/barras-de-seguridad-removibles-fijo-con-certificado-de-antirrobo-tipo-82\/#primaryimage","url":"http:\/\/viometaloumin.gr\/wp-content\/uploads\/2016\/05\/T82_11-150x150.jpg","contentUrl":"http:\/\/viometaloumin.gr\/wp-content\/uploads\/2016\/05\/T82_11-150x150.jpg"},{"@type":"BreadcrumbList","@id":"https:\/\/viometaloumin.com\/es\/productos-de-viometaloumin\/barras-de-seguridad\/barras-de-seguridad-removibles-fijo-con-certificado-de-antirrobo-tipo-82\/#breadcrumb","itemListElement":[{"@type":"ListItem","position":1,"name":"Home","item":"https:\/\/viometaloumin.com\/es\/"},{"@type":"ListItem","position":2,"name":"Productos de Viometaloumin","item":"https:\/\/viometaloumin.com\/es\/productos-de-viometaloumin\/"},{"@type":"ListItem","position":3,"name":"Barras de seguridad","item":"https:\/\/viometaloumin.com\/es\/productos-de-viometaloumin\/barras-de-seguridad\/"},{"@type":"ListItem","position":4,"name":"Barras de seguridad removibles fijo con certificado de antirrobo TIPO-82"}]},{"@type":"WebSite","@id":"https:\/\/viometaloumin.com\/es\/#website","url":"https:\/\/viometaloumin.com\/es\/","name":"VIOMETALOUMIN | puertas plegables de seguridad","description":"bares seguridad, ballestas plegables de tijera, barras de seguridad, persianas de seguridad, puertas de seguridad y bares para todos los espacios, puertas de seguridad retr\u00e1ctiles","publisher":{"@id":"https:\/\/viometaloumin.com\/es\/#organization"},"potentialAction":[{"@type":"SearchAction","target":{"@type":"EntryPoint","urlTemplate":"https:\/\/viometaloumin.com\/es\/?s={search_term_string}"},"query-input":{"@type":"PropertyValueSpecification","valueRequired":true,"valueName":"search_term_string"}}],"inLanguage":"en-US"},{"@type":"Organization","@id":"https:\/\/viometaloumin.com\/es\/#organization","name":"Viometaloumin","url":"https:\/\/viometaloumin.com\/es\/","logo":{"@type":"ImageObject","inLanguage":"en-US","@id":"https:\/\/viometaloumin.com\/es\/#\/schema\/logo\/image\/","url":"https:\/\/viometaloumin.com\/es\/wp-content\/uploads\/2012\/11\/LOGO_ES.jpg","contentUrl":"https:\/\/viometaloumin.com\/es\/wp-content\/uploads\/2012\/11\/LOGO_ES.jpg","width":480,"height":90,"caption":"Viometaloumin"},"image":{"@id":"https:\/\/viometaloumin.com\/es\/#\/schema\/logo\/image\/"},"sameAs":["https:\/\/www.facebook.com\/Viometaloumin","https:\/\/x.com\/viometaloumin","https:\/\/www.linkedin.com\/company\/1754251","https:\/\/www.youtube.com\/user\/viometaloumin"]}]}},"_links":{"self":[{"href":"https:\/\/viometaloumin.com\/es\/wp-json\/wp\/v2\/pages\/3592","targetHints":{"allow":["GET"]}}],"collection":[{"href":"https:\/\/viometaloumin.com\/es\/wp-json\/wp\/v2\/pages"}],"about":[{"href":"https:\/\/viometaloumin.com\/es\/wp-json\/wp\/v2\/types\/page"}],"author":[{"embeddable":true,"href":"https:\/\/viometaloumin.com\/es\/wp-json\/wp\/v2\/users\/1"}],"replies":[{"embeddable":true,"href":"https:\/\/viometaloumin.com\/es\/wp-json\/wp\/v2\/comments?post=3592"}],"version-history":[{"count":25,"href":"https:\/\/viometaloumin.com\/es\/wp-json\/wp\/v2\/pages\/3592\/revisions"}],"predecessor-version":[{"id":5047,"href":"https:\/\/viometaloumin.com\/es\/wp-json\/wp\/v2\/pages\/3592\/revisions\/5047"}],"up":[{"embeddable":true,"href":"https:\/\/viometaloumin.com\/es\/wp-json\/wp\/v2\/pages\/2698"}],"wp:attachment":[{"href":"https:\/\/viometaloumin.com\/es\/wp-json\/wp\/v2\/media?parent=3592"}],"curies":[{"name":"wp","href":"https:\/\/api.w.org\/{rel}","templated":true}]}}