{"id":69,"date":"2012-07-31T02:15:48","date_gmt":"2012-07-30T23:15:48","guid":{"rendered":"http:\/\/theme-fusion.com\/avada\/?page_id=69"},"modified":"2017-08-15T17:03:27","modified_gmt":"2017-08-15T14:03:27","slug":"bienvenidos-al-sitio-de-viometaloumin","status":"publish","type":"page","link":"https:\/\/viometaloumin.com\/es\/home-2\/bienvenidos-al-sitio-de-viometaloumin\/","title":{"rendered":"Bienvenidos al sitio de VIOMETALOUMIN"},"content":{"rendered":"<div class=\"one_half\">\n<div class=\"flexslider\">\n<ul class=\"slides\">\n<li class=\"image\"><img decoding=\"async\" src=\"http:\/\/viometaloumin.gr\/wp-content\/uploads\/2012\/08\/about_1.jpg\" alt=\"\" \/><\/li>\n<li class=\"image\"><a href=\"http:\/\/google.com\"><img decoding=\"async\" src=\"http:\/\/viometaloumin.gr\/wp-content\/uploads\/2012\/08\/about_2.jpg\" alt=\"\" \/><\/a><\/li>\n<li class=\"image\"><img decoding=\"async\" src=\"http:\/\/viometaloumin.gr\/wp-content\/uploads\/2012\/08\/about_3.jpg\" alt=\"\" \/><\/li>\n<li class=\"video\"><iframe loading=\"lazy\" width=\"500\" height=\"281\" src=\"http:\/\/www.youtube.com\/embed\/CvddquFwWHM?rel=0\" frameborder=\"0\" allowfullscreen><\/iframe><\/li>\n<\/ul>\n<\/div>\n<\/div>\n<div class=\"one_half last\">\n<div class=\"title\">\n<h2><\/h2>\n<\/div>\n<p>La crisis, junto con las dificultades econ\u00f3micas, trajo tambi\u00e9n a Grecia un aumento sin precedentes de la delincuencia. La polic\u00eda nacional a diario, inunda los medios de comunicaci\u00f3n con varios informes de incidentes de robos que no se limitan al nivel de eliminar objetos, pero se refieren a los actos organizados por la delincuencia protagonizada por villanos sin escr\u00fapulos que est\u00e1n armados y decididos a sustraer todo lo posible.<br \/>\nEs inconcebible para la familia griega dormir con las ventanas abiertas por el temor de robo a mano armada o que todo su patrimonio est\u00e1 expuesto a merced de los intrusos. La polic\u00eda griega no es capaz de satisfacer la creciente demanda de protecci\u00f3n no s\u00f3lo en las grandes ciudades, sino tambi\u00e9n en ciudades de provincia, pueblos e islas. Los sistemas de seguridad ya no son un lujo. Se han convertido en una prioridad fundamental. VIOMETALOUMIN es un pionero en la fabricaci\u00f3n de sistemas de seguridad avanzados y tiene las soluciones adecuadas para su vivienda o negocio.\n<\/p><\/div>\n<div class=\"clearboth\"><\/div>\n<div class=\"one_half\">\n<div class=\"title\">\n<h2>VIOMETALOUMIN Identidad Corporativa<\/h2>\n<\/div>\n<h5 class=\"toggle \"><a href=\"#\"><span class=\"arrow\"><\/span>Nuestra Misi\u00f3n<\/a><\/h5>\n<div class=\"toggle-content \" style=\"\">VIOMETALOUMIN es una empresa dedicada a los sistemas de seguridad durante m\u00e1s de 50 a\u00f1os. Los objetivos de enfoque VIOMETALOUMIN en el desarrollo sostenible y el aumento de la competitividad a trav\u00e9s de la provisi\u00f3n de sistemas de seguridad de calidad e innovadores que se aplican en los casos de las dos casas \/ apartamentos y lugares de trabajo (tiendas, oficinas, escuelas, etc.) La compa\u00f1\u00eda ofrece productos de alta calidad que cubren una amplia gama de aplicaciones, tales como puertas, ventanas, escaparates, en los espacios p\u00fablicos y privados que requieren un refuerzo adicional contra los peligros externos de robo, robo, las actividades delictivas que amenazan la vida y propiedades de nuestros clientes.<br \/>\n<strong>Visi\u00f3n<\/strong><br \/>\nLa visi\u00f3n de VIOMETALOUMIN es asegurar el crecimiento de la compa\u00f1\u00eda y mantener su posici\u00f3n de liderazgo en el mercado, ofreciendo la mejor experiencia posible al cliente, tanto en Grecia como en los mercados extranjeros.<br \/>\nNuestra Misi\u00f3n<br \/>\n\u2022 Para asegurar el crecimiento rentable y el desarrollo sostenible, teniendo en cuenta un mercado tan competitivo.<br \/>\n\u2022 El aumento de la cuota de mercado de los sistemas de seguridad, la creaci\u00f3n de nuevas fuentes de ingresos, el dise\u00f1o de nuevos productos innovadores.<br \/>\n\u2022 Mejora de contacto con el cliente y el suministro de productos y servicios basados \u200b\u200ben 50 a\u00f1os de experiencia t\u00e9cnica en sistemas de seguridad.<br \/>\n\u2022 Un mayor desarrollo y expansi\u00f3n tanto en el mercado griego local y en el extranjero.<br \/>\n\u2022 Aumento del valor a\u00f1adido mediante la adopci\u00f3n de los principios de la Responsabilidad Corporativa<\/div>\n<h5 class=\"toggle \"><a href=\"#\"><span class=\"arrow\"><\/span>Nuestra Filosof\u00eda<\/a><\/h5>\n<div class=\"toggle-content \" style=\"\">La filosof\u00eda corporativa de VIOMETALOUMIN fue y sigue siendo la creaci\u00f3n de clientes satisfechos que son nuestro activo m\u00e1s valioso.<br \/>\nEl logro de este objetivo es nuestra principal prioridad durante la presencia de la Compa\u00f1\u00eda en el mercado griego.<br \/>\nFomento de la confianza a trav\u00e9s de los sistemas y servicios que ofrecemos, sigue siendo el centro de operaciones principal de nuestro negocio.<br \/>\nLa experiencia, conocimientos y mano de obra, son la base de nuestro esfuerzo continuo para mejorar y satisfacer las necesidades de nuestros clientes.<\/div>\n<h5 class=\"toggle \"><a href=\"#\"><span class=\"arrow\"><\/span>Nuestra promesa a nuestros clientes<\/a><\/h5>\n<div class=\"toggle-content \" style=\"\">La historia de 50 a\u00f1os de la compa\u00f1\u00eda y los grupos de la confianza que ha cultivado con sus clientes gracias a su experiencia y conocimientos t\u00e9cnicos han dado lugar a fuertes avales por miles de clientes satisfechos con sus productos y servicios. El boca a boca es la forma m\u00e1s elevada de la Publicidad y la garant\u00eda m\u00e1s confiable de nuestros nuevos clientes potenciales.<br \/>\nEste aprecio y reconocimiento por nuestra empresa es percibida como un &#8220;compromiso duradero&#8221; a nuestros clientes que nuestra empresa continuar\u00e1 en el futuro para ofrecer la mejor calidad de productos al mejor precio.<br \/>\nLa satisfacci\u00f3n del cliente es el objetivo \u00faltimo de VIOMETALOUMIN. Persiguiendo este objetivo, desarrollar y crear productos de calidad excepcionales que han sido adquiridas una vez, sino seguir ofreciendo valor a nuestros clientes en el largo plazo.<\/div>\n<h5 class=\"toggle \"><a href=\"#\"><span class=\"arrow\"><\/span>Lo que nos diferencia<\/a><\/h5>\n<div class=\"toggle-content \" style=\"\"><strong>Branded VIOMETALOUMIN Sistemas<\/strong><br \/>\nVIOMETALOUMIN fabrica y vende sistemas de seguridad de calidad, con beneficios para los consumidores, incluida la protecci\u00f3n, la seguridad y un sentido de confianza para su compra. La notoriedad de marca, calidad y garant\u00eda que ofrecen los sistemas de seguridad VIOMETALOUMIN se basan en el apoyo y el respeto sin igual del Cliente.<br \/>\n<strong>Innovaci\u00f3n Calidad<\/strong><br \/>\nLa mejora continua y la expansi\u00f3n de nuestros productos con patentes e innovaciones, ofrecen un verdadero valor a\u00f1adido al cliente, al tiempo que hemos estado bajo el &#8220;centro de atenci\u00f3n&#8221;, como una de las empresas m\u00e1s reconocidas y de confianza en el campo de la Seguridad y Protecci\u00f3n. VIOMETALOUMIN es ahora sin\u00f3nimo de la promoci\u00f3n de la calidad y desde luego para las personas que optan por hacer negocios con \u00e9l.<br \/>\n<strong>Servicio de atenci\u00f3n al cliente es nuestra principal prioridad<\/strong><br \/>\nNuestra principal preocupaci\u00f3n es el \u00e9nfasis en el servicio integral a nuestros clientes, acompa\u00f1ados de experiencia y conocimientos, desde nuestros inicios en 1963.<br \/>\nOfrecemos nuestro asesoramiento t\u00e9cnico en la opci\u00f3n m\u00e1s recomendada de los sistemas de seguridad que deben ser colocados en su propio espacio.<br \/>\nLa presentaci\u00f3n, el asesoramiento t\u00e9cnico, la aplicaci\u00f3n y el servicio que ofrecemos a nuestros clientes es el resultado de una serie de procesos en curso destinadas a apoyar a los clientes VIOMETALOUMIN para sentir la satisfacci\u00f3n tanto de su decisi\u00f3n de compra y de la compa\u00f1\u00eda de servicio post-venta.<\/div>\n<\/div>\n<div class=\"one_half last\">\n<div class=\"title\">\n<h2>Nuestros sistemas m\u00e1s populares<\/h2>\n<\/div>\n<div id=\"progress-bars\">\n<div class=\"progress-bar\">\n<div class=\"progress-bar-content\" data-percentage=\"87\" style=\"width: 87%\"><\/div>\n<span class=\"progress-title\">Puertas de seguridad plegables 87%<\/span><\/div>\n<div class=\"progress-bar\">\n<div class=\"progress-bar-content\" data-percentage=\"58\" style=\"width: 58%\"><\/div>\n<span class=\"progress-title\">Bares Seguridad 58%<\/span><\/div>\n<div class=\"progress-bar\">\n<div class=\"progress-bar-content\" data-percentage=\"45\" style=\"width: 45%\"><\/div>\n<span class=\"progress-title\">Persianas de seguridad 45%<\/span><\/div>\n<\/div>\n<\/div>\n<div class=\"clearboth\"><\/div>\n","protected":false},"excerpt":{"rendered":"","protected":false},"author":1,"featured_media":0,"parent":33,"menu_order":0,"comment_status":"closed","ping_status":"closed","template":"full-width.php","meta":{"footnotes":""},"class_list":["post-69","page","type-page","status-publish","hentry"],"yoast_head":"<!-- This site is optimized with the Yoast SEO plugin v27.4 - https:\/\/yoast.com\/product\/yoast-seo-wordpress\/ -->\n<title>Bienvenidos al sitio de VIOMETALOUMIN - VIOMETALOUMIN | puertas plegables de seguridad<\/title>\n<meta name=\"description\" content=\"Bienvenidos al sitio de VIOMETALOUMIN\" \/>\n<meta name=\"robots\" content=\"index, follow, max-snippet:-1, max-image-preview:large, max-video-preview:-1\" \/>\n<link rel=\"canonical\" href=\"https:\/\/viometaloumin.com\/es\/home-2\/bienvenidos-al-sitio-de-viometaloumin\/\" \/>\n<meta property=\"og:locale\" content=\"en_US\" \/>\n<meta property=\"og:type\" content=\"article\" \/>\n<meta property=\"og:title\" content=\"Bienvenidos al sitio de VIOMETALOUMIN - VIOMETALOUMIN | puertas plegables de seguridad\" \/>\n<meta property=\"og:description\" content=\"Bienvenidos al sitio de VIOMETALOUMIN\" \/>\n<meta property=\"og:url\" content=\"https:\/\/viometaloumin.com\/es\/home-2\/bienvenidos-al-sitio-de-viometaloumin\/\" \/>\n<meta property=\"og:site_name\" content=\"VIOMETALOUMIN | puertas plegables de seguridad\" \/>\n<meta property=\"article:publisher\" content=\"https:\/\/www.facebook.com\/Viometaloumin\" \/>\n<meta property=\"article:modified_time\" content=\"2017-08-15T14:03:27+00:00\" \/>\n<meta property=\"og:image\" content=\"https:\/\/viometaloumin.com\/es\/wp-content\/uploads\/2012\/11\/LOGO_ES.jpg\" \/>\n\t<meta property=\"og:image:width\" content=\"480\" \/>\n\t<meta property=\"og:image:height\" content=\"90\" \/>\n\t<meta property=\"og:image:type\" content=\"image\/jpeg\" \/>\n<meta name=\"twitter:card\" content=\"summary_large_image\" \/>\n<meta name=\"twitter:site\" content=\"@viometaloumin\" \/>\n<meta name=\"twitter:label1\" content=\"Est. reading time\" \/>\n\t<meta name=\"twitter:data1\" content=\"5 minutes\" \/>\n<script type=\"application\/ld+json\" class=\"yoast-schema-graph\">{\"@context\":\"https:\\\/\\\/schema.org\",\"@graph\":[{\"@type\":\"WebPage\",\"@id\":\"https:\\\/\\\/viometaloumin.com\\\/es\\\/home-2\\\/bienvenidos-al-sitio-de-viometaloumin\\\/\",\"url\":\"https:\\\/\\\/viometaloumin.com\\\/es\\\/home-2\\\/bienvenidos-al-sitio-de-viometaloumin\\\/\",\"name\":\"Bienvenidos al sitio de VIOMETALOUMIN - VIOMETALOUMIN | puertas plegables de seguridad\",\"isPartOf\":{\"@id\":\"https:\\\/\\\/viometaloumin.com\\\/es\\\/#website\"},\"datePublished\":\"2012-07-30T23:15:48+00:00\",\"dateModified\":\"2017-08-15T14:03:27+00:00\",\"description\":\"Bienvenidos al sitio de VIOMETALOUMIN\",\"breadcrumb\":{\"@id\":\"https:\\\/\\\/viometaloumin.com\\\/es\\\/home-2\\\/bienvenidos-al-sitio-de-viometaloumin\\\/#breadcrumb\"},\"inLanguage\":\"en-US\",\"potentialAction\":[{\"@type\":\"ReadAction\",\"target\":[\"https:\\\/\\\/viometaloumin.com\\\/es\\\/home-2\\\/bienvenidos-al-sitio-de-viometaloumin\\\/\"]}]},{\"@type\":\"BreadcrumbList\",\"@id\":\"https:\\\/\\\/viometaloumin.com\\\/es\\\/home-2\\\/bienvenidos-al-sitio-de-viometaloumin\\\/#breadcrumb\",\"itemListElement\":[{\"@type\":\"ListItem\",\"position\":1,\"name\":\"Home\",\"item\":\"https:\\\/\\\/viometaloumin.com\\\/es\\\/\"},{\"@type\":\"ListItem\",\"position\":2,\"name\":\"Home\",\"item\":\"https:\\\/\\\/viometaloumin.com\\\/es\\\/home-2\\\/\"},{\"@type\":\"ListItem\",\"position\":3,\"name\":\"Bienvenidos al sitio de VIOMETALOUMIN\"}]},{\"@type\":\"WebSite\",\"@id\":\"https:\\\/\\\/viometaloumin.com\\\/es\\\/#website\",\"url\":\"https:\\\/\\\/viometaloumin.com\\\/es\\\/\",\"name\":\"VIOMETALOUMIN | puertas plegables de seguridad\",\"description\":\"bares seguridad, ballestas plegables de tijera, barras de seguridad, persianas de seguridad, puertas de seguridad y bares para todos los espacios, puertas de seguridad retr\u00e1ctiles\",\"publisher\":{\"@id\":\"https:\\\/\\\/viometaloumin.com\\\/es\\\/#organization\"},\"potentialAction\":[{\"@type\":\"SearchAction\",\"target\":{\"@type\":\"EntryPoint\",\"urlTemplate\":\"https:\\\/\\\/viometaloumin.com\\\/es\\\/?s={search_term_string}\"},\"query-input\":{\"@type\":\"PropertyValueSpecification\",\"valueRequired\":true,\"valueName\":\"search_term_string\"}}],\"inLanguage\":\"en-US\"},{\"@type\":\"Organization\",\"@id\":\"https:\\\/\\\/viometaloumin.com\\\/es\\\/#organization\",\"name\":\"Viometaloumin\",\"url\":\"https:\\\/\\\/viometaloumin.com\\\/es\\\/\",\"logo\":{\"@type\":\"ImageObject\",\"inLanguage\":\"en-US\",\"@id\":\"https:\\\/\\\/viometaloumin.com\\\/es\\\/#\\\/schema\\\/logo\\\/image\\\/\",\"url\":\"https:\\\/\\\/viometaloumin.com\\\/es\\\/wp-content\\\/uploads\\\/2012\\\/11\\\/LOGO_ES.jpg\",\"contentUrl\":\"https:\\\/\\\/viometaloumin.com\\\/es\\\/wp-content\\\/uploads\\\/2012\\\/11\\\/LOGO_ES.jpg\",\"width\":480,\"height\":90,\"caption\":\"Viometaloumin\"},\"image\":{\"@id\":\"https:\\\/\\\/viometaloumin.com\\\/es\\\/#\\\/schema\\\/logo\\\/image\\\/\"},\"sameAs\":[\"https:\\\/\\\/www.facebook.com\\\/Viometaloumin\",\"https:\\\/\\\/x.com\\\/viometaloumin\",\"https:\\\/\\\/www.linkedin.com\\\/company\\\/1754251\",\"https:\\\/\\\/www.youtube.com\\\/user\\\/viometaloumin\"]}]}<\/script>\n<!-- \/ Yoast SEO plugin. -->","yoast_head_json":{"title":"Bienvenidos al sitio de VIOMETALOUMIN - VIOMETALOUMIN | puertas plegables de seguridad","description":"Bienvenidos al sitio de VIOMETALOUMIN","robots":{"index":"index","follow":"follow","max-snippet":"max-snippet:-1","max-image-preview":"max-image-preview:large","max-video-preview":"max-video-preview:-1"},"canonical":"https:\/\/viometaloumin.com\/es\/home-2\/bienvenidos-al-sitio-de-viometaloumin\/","og_locale":"en_US","og_type":"article","og_title":"Bienvenidos al sitio de VIOMETALOUMIN - VIOMETALOUMIN | puertas plegables de seguridad","og_description":"Bienvenidos al sitio de VIOMETALOUMIN","og_url":"https:\/\/viometaloumin.com\/es\/home-2\/bienvenidos-al-sitio-de-viometaloumin\/","og_site_name":"VIOMETALOUMIN | puertas plegables de seguridad","article_publisher":"https:\/\/www.facebook.com\/Viometaloumin","article_modified_time":"2017-08-15T14:03:27+00:00","og_image":[{"width":480,"height":90,"url":"https:\/\/viometaloumin.com\/es\/wp-content\/uploads\/2012\/11\/LOGO_ES.jpg","type":"image\/jpeg"}],"twitter_card":"summary_large_image","twitter_site":"@viometaloumin","twitter_misc":{"Est. reading time":"5 minutes"},"schema":{"@context":"https:\/\/schema.org","@graph":[{"@type":"WebPage","@id":"https:\/\/viometaloumin.com\/es\/home-2\/bienvenidos-al-sitio-de-viometaloumin\/","url":"https:\/\/viometaloumin.com\/es\/home-2\/bienvenidos-al-sitio-de-viometaloumin\/","name":"Bienvenidos al sitio de VIOMETALOUMIN - VIOMETALOUMIN | puertas plegables de seguridad","isPartOf":{"@id":"https:\/\/viometaloumin.com\/es\/#website"},"datePublished":"2012-07-30T23:15:48+00:00","dateModified":"2017-08-15T14:03:27+00:00","description":"Bienvenidos al sitio de VIOMETALOUMIN","breadcrumb":{"@id":"https:\/\/viometaloumin.com\/es\/home-2\/bienvenidos-al-sitio-de-viometaloumin\/#breadcrumb"},"inLanguage":"en-US","potentialAction":[{"@type":"ReadAction","target":["https:\/\/viometaloumin.com\/es\/home-2\/bienvenidos-al-sitio-de-viometaloumin\/"]}]},{"@type":"BreadcrumbList","@id":"https:\/\/viometaloumin.com\/es\/home-2\/bienvenidos-al-sitio-de-viometaloumin\/#breadcrumb","itemListElement":[{"@type":"ListItem","position":1,"name":"Home","item":"https:\/\/viometaloumin.com\/es\/"},{"@type":"ListItem","position":2,"name":"Home","item":"https:\/\/viometaloumin.com\/es\/home-2\/"},{"@type":"ListItem","position":3,"name":"Bienvenidos al sitio de VIOMETALOUMIN"}]},{"@type":"WebSite","@id":"https:\/\/viometaloumin.com\/es\/#website","url":"https:\/\/viometaloumin.com\/es\/","name":"VIOMETALOUMIN | puertas plegables de seguridad","description":"bares seguridad, ballestas plegables de tijera, barras de seguridad, persianas de seguridad, puertas de seguridad y bares para todos los espacios, puertas de seguridad retr\u00e1ctiles","publisher":{"@id":"https:\/\/viometaloumin.com\/es\/#organization"},"potentialAction":[{"@type":"SearchAction","target":{"@type":"EntryPoint","urlTemplate":"https:\/\/viometaloumin.com\/es\/?s={search_term_string}"},"query-input":{"@type":"PropertyValueSpecification","valueRequired":true,"valueName":"search_term_string"}}],"inLanguage":"en-US"},{"@type":"Organization","@id":"https:\/\/viometaloumin.com\/es\/#organization","name":"Viometaloumin","url":"https:\/\/viometaloumin.com\/es\/","logo":{"@type":"ImageObject","inLanguage":"en-US","@id":"https:\/\/viometaloumin.com\/es\/#\/schema\/logo\/image\/","url":"https:\/\/viometaloumin.com\/es\/wp-content\/uploads\/2012\/11\/LOGO_ES.jpg","contentUrl":"https:\/\/viometaloumin.com\/es\/wp-content\/uploads\/2012\/11\/LOGO_ES.jpg","width":480,"height":90,"caption":"Viometaloumin"},"image":{"@id":"https:\/\/viometaloumin.com\/es\/#\/schema\/logo\/image\/"},"sameAs":["https:\/\/www.facebook.com\/Viometaloumin","https:\/\/x.com\/viometaloumin","https:\/\/www.linkedin.com\/company\/1754251","https:\/\/www.youtube.com\/user\/viometaloumin"]}]}},"_links":{"self":[{"href":"https:\/\/viometaloumin.com\/es\/wp-json\/wp\/v2\/pages\/69","targetHints":{"allow":["GET"]}}],"collection":[{"href":"https:\/\/viometaloumin.com\/es\/wp-json\/wp\/v2\/pages"}],"about":[{"href":"https:\/\/viometaloumin.com\/es\/wp-json\/wp\/v2\/types\/page"}],"author":[{"embeddable":true,"href":"https:\/\/viometaloumin.com\/es\/wp-json\/wp\/v2\/users\/1"}],"replies":[{"embeddable":true,"href":"https:\/\/viometaloumin.com\/es\/wp-json\/wp\/v2\/comments?post=69"}],"version-history":[{"count":47,"href":"https:\/\/viometaloumin.com\/es\/wp-json\/wp\/v2\/pages\/69\/revisions"}],"predecessor-version":[{"id":5020,"href":"https:\/\/viometaloumin.com\/es\/wp-json\/wp\/v2\/pages\/69\/revisions\/5020"}],"up":[{"embeddable":true,"href":"https:\/\/viometaloumin.com\/es\/wp-json\/wp\/v2\/pages\/33"}],"wp:attachment":[{"href":"https:\/\/viometaloumin.com\/es\/wp-json\/wp\/v2\/media?parent=69"}],"curies":[{"name":"wp","href":"https:\/\/api.w.org\/{rel}","templated":true}]}}